{"id":717,"date":"2023-07-19T10:39:14","date_gmt":"2023-07-19T16:39:14","guid":{"rendered":"https:\/\/huge.world\/mbg\/?page_id=717"},"modified":"2024-12-16T05:27:57","modified_gmt":"2024-12-16T11:27:57","slug":"cuentas-actuales","status":"publish","type":"page","link":"https:\/\/mgf.gi\/es\/cuentas-actuales\/","title":{"rendered":"Cuentas Actuales"},"content":{"rendered":"\n  <div class=\"banner has-hover bg-color is-full-height\" id=\"banner-1416854683\">\n          <div class=\"banner-inner fill\">\n        <div class=\"banner-bg fill\" >\n            <img loading=\"lazy\" decoding=\"async\" width=\"1020\" height=\"680\" src=\"https:\/\/mgf.gi\/es\/wp-content\/uploads\/2023\/07\/shutterstock_1071538085.jpg\" class=\"bg attachment-large size-large\" alt=\"\" \/>                        <div class=\"overlay\"><\/div>            \n                    <\/div>\n\t\t\n        <div class=\"banner-layers container\">\n            <div class=\"fill banner-link\"><\/div>            \n   <div id=\"text-box-2142638462\" class=\"text-box banner-layer x50 md-x50 lg-x50 y50 md-y70 lg-y70 res-text\">\n              <div data-parallax=\"-1\" data-parallax-fade=\"true\">       <div data-animate=\"bounceIn\">           <div class=\"text-box-content text dark\">\n              \n              <div class=\"text-inner text-center\">\n                  \n<p class=\"alternative\"><span style=\"font-size: 500%; color: #997d0c;\" data-line-height=\"xs\">Cuentas<br \/>\nCorrientes<\/span><\/p>\n              <\/div>\n           <\/div>\n       <\/div>       <\/div>              \n<style>\n#text-box-2142638462 {\n  width: 80%;\n}\n#text-box-2142638462 .text-box-content {\n  font-size: 100%;\n}\n@media (min-width:550px) {\n  #text-box-2142638462 {\n    width: 70%;\n  }\n}\n<\/style>\n    <\/div>\n \n        <\/div>\n      <\/div>\n\n            \n<style>\n#banner-1416854683 {\n  padding-top: 100%;\n}\n#banner-1416854683 .overlay {\n  background-color: rgba(0, 0, 0, 0.75);\n}\n#banner-1416854683 .banner-bg img {\n  object-position: 68% 27%;\n}\n<\/style>\n  <\/div>\n\n\n\n\t<section class=\"section\" id=\"section_359774030\">\n\t\t<div class=\"section-bg fill\" >\n\t\t\t\t\t\t\t\t\t\n\t\t\t\n\n\t\t<\/div>\n\n\t\t\n\n\t\t<div class=\"section-content relative\">\n\t\t\t\n<div class=\"row row-large align-middle align-center\"  id=\"row-1481684698\">\n\n\t<div id=\"col-294798893\" class=\"col medium-6 small-12 large-6\"  >\n\t\t\t\t<div class=\"col-inner\"  >\n\t\t\t\n\t\t\t\n\t<div class=\"img has-hover x md-x lg-x y md-y lg-y\" id=\"image_1978987698\">\n\t\t\t\t\t\t<div data-animate=\"fadeInDown\">\t\t<div class=\"img-inner dark\" >\n\t\t\t<img loading=\"lazy\" decoding=\"async\" width=\"450\" height=\"214\" src=\"https:\/\/mgf.gi\/es\/wp-content\/uploads\/2024\/12\/Gerb_VektorSml_White.png\" class=\"attachment-large size-large\" alt=\"\" \/>\t\t\t\t\t\t\n\t\t\t\t\t<\/div>\n\t\t<\/div>\t\t\t\t\t\t\n<style>\n#image_1978987698 {\n  width: 100%;\n}\n<\/style>\n\t<\/div>\n\t\n\t\t<\/div>\n\t\t\t\t\t<\/div>\n\n\t\n\n\t<div id=\"col-459975240\" class=\"col medium-6 small-12 large-6\"  >\n\t\t\t\t<div class=\"col-inner text-right\"  >\n\t\t\t\n\t\t\t\n\t<div id=\"text-3434255299\" class=\"text\">\n\t\t\n<p>App de cuentas corrientes Metropolitana. Brindarle una variedad de opciones para ejecutar sus transacciones de pago y recibir informaci\u00f3n en vivo y sobre el saldo y los movimientos de sus cuentas.<\/p>\n<p>Trabajamos tanto con personas naturales como jur\u00eddicas. Cada cliente puede encontrar el tipo ce cuenta cliente mejor adaptado que satisfaga sus necesidades de servicios de pago.<\/p>\n\t\t\n<style>\n#text-3434255299 {\n  color: rgb(255,255,255);\n}\n#text-3434255299 > * {\n  color: rgb(255,255,255);\n}\n<\/style>\n\t<\/div>\n\t\n\t\t<\/div>\n\t\t\t\t\t<\/div>\n\n\t\n<\/div>\n\t\t<\/div>\n\n\t\t\n<style>\n#section_359774030 {\n  padding-top: 30px;\n  padding-bottom: 30px;\n  background-color: #997d0c;\n}\n<\/style>\n\t<\/section>\n\t\n\n\t<section class=\"section\" id=\"section_1006789750\">\n\t\t<div class=\"section-bg fill\" >\n\t\t\t\t\t\t\t\t\t\n\t\t\t\n\n\t\t<\/div>\n\n\t\t\n\n\t\t<div class=\"section-content relative\">\n\t\t\t\n<div class=\"row align-middle\"  id=\"row-1874642535\">\n\n\t<div id=\"col-1856301619\" class=\"col medium-8 small-12 large-8\"  >\n\t\t\t\t<div class=\"col-inner\"  >\n\t\t\t\n\t\t\t\n\t<div id=\"text-1937403552\" class=\"text\">\n\t\t\n<ul>\n<li>Convi\u00e9rtase en cliente de Metropolitan, como particular o empresa, y reciba en un instante sus cuentas corrientes en tres monedas: libras esterlina, euros y d\u00f3lares americanos.<\/li>\n<li>Reciba una tarjeta de d\u00e9bito internacional que te permite retirar dinero.<\/li>\n<li>Optimice sus productos y servicios de tarifas de pago al incluir su cuenta en los programas del paquete Metropolitan.<\/li>\n<li>Realizen operaciones en l\u00ednea con la aplicaci\u00f3n \u00abMi Metropolitan\u00bb.<\/li>\n<li>Realiza pagos, recibe y ordena transferencias en diferentes monedas.<\/li>\n<li>Reciban informaci\u00f3n actualizada a trav\u00e9s del servicio SMS o notificaci\u00f3n por correo electr\u00f3nico;<\/li>\n<li>Pague sus servicios p\u00fablicos y otras facturas en l\u00ednea con la aplicaci\u00f3n \u00abMy Metropolitan\u00bb.<\/li>\n<li>Reciban estados de cuenta con informaci\u00f3n actualizada de saldo y movimientos de cuenta a trav\u00e9s de la app \u00abMy Metropolitan\u00bb.<\/li>\n<\/ul>\n\t\t\n<style>\n#text-1937403552 {\n  color: rgb(255,255,255);\n}\n#text-1937403552 > * {\n  color: rgb(255,255,255);\n}\n<\/style>\n\t<\/div>\n\t\n\t\t<\/div>\n\t\t\t\t\t<\/div>\n\n\t\n\n\t<div id=\"col-1499147656\" class=\"col medium-4 small-12 large-4\"  data-animate=\"flipInY\">\n\t\t\t\t<div class=\"col-inner\"  >\n\t\t\t\n\t\t\t\n\n  <div class=\"banner has-hover\" id=\"banner-1718949547\">\n          <div class=\"banner-inner fill\">\n        <div class=\"banner-bg fill\" >\n            <img loading=\"lazy\" decoding=\"async\" width=\"1020\" height=\"680\" src=\"https:\/\/mgf.gi\/es\/wp-content\/uploads\/2023\/07\/shutterstock_1733267519.jpg\" class=\"bg attachment-large size-large\" alt=\"\" \/>                        <div class=\"overlay\"><\/div>            \n                    <\/div>\n\t\t\n        <div class=\"banner-layers container\">\n            <div class=\"fill banner-link\"><\/div>            \n        <\/div>\n      <\/div>\n\n            \n<style>\n#banner-1718949547 {\n  padding-top: 500px;\n}\n#banner-1718949547 .overlay {\n  background-color: rgba(0, 0, 0, 0.75);\n}\n#banner-1718949547 .banner-bg img {\n  object-position: 59% 53%;\n}\n<\/style>\n  <\/div>\n\n\n\t\t<\/div>\n\t\t\t\t\t<\/div>\n\n\t\n<\/div>\n\t\t<\/div>\n\n\t\t\n<style>\n#section_1006789750 {\n  padding-top: 60px;\n  padding-bottom: 60px;\n  background-color: rgb(0,0,0);\n}\n<\/style>\n\t<\/section>\n\t\n\n\t<section class=\"section\" id=\"section_1557515951\">\n\t\t<div class=\"section-bg fill\" >\n\t\t\t\t\t\t\t\t\t\n\t\t\t\n\n\t\t<\/div>\n\n\t\t\n\n\t\t<div class=\"section-content relative\">\n\t\t\t\n<div class=\"row align-center\"  id=\"row-1354961820\">\n\n\t<div id=\"col-1254911727\" class=\"col medium-10 small-12 large-10\"  >\n\t\t\t\t<div class=\"col-inner text-center\"  >\n\t\t\t\n\t\t\t\n\t<div id=\"text-2064654633\" class=\"text\">\n\t\t\n<p>Metropolitan ofrece tanto a particulares como a empresas la oportunidad de abrir nuevas cuentas de forma remota utilizando la aplicaci\u00f3n \u201cMy Metropolitan\u201d.<\/p>\n<p>Aplicaci\u00f3n de pago electr\u00f3nico \u201cMy Metropolitan\u201d. le permite administrar c\u00f3moda y f\u00e1cilmente sus finanzas personales o de la empresa.<\/p>\n<p>Al utilizar la plataforma unificada My Metropolitan, las operaciones de pago se gestionan directamente desde su computadora, tel\u00e9fono inteligente u otro dispositivo m\u00f3vil.<\/p>\n<p>Metropolitan utiliza las herramientas de software de seguridad inform\u00e1tica m\u00e1s avanzadas para proteger las cuentas de sus clientes.<\/p>\n\t\t\n<style>\n#text-2064654633 {\n  color: rgb(0,0,0);\n}\n#text-2064654633 > * {\n  color: rgb(0,0,0);\n}\n<\/style>\n\t<\/div>\n\t\n\t\t<\/div>\n\t\t\t\t\t<\/div>\n\n\t\n<\/div>\n\t\t<\/div>\n\n\t\t\n<style>\n#section_1557515951 {\n  padding-top: 60px;\n  padding-bottom: 60px;\n  min-height: 300px;\n  background-color: rgb(245, 245, 245);\n}\n<\/style>\n\t<\/section>\n\t\n\n\t<section class=\"section\" id=\"section_1413193051\">\n\t\t<div class=\"section-bg fill\" >\n\t\t\t\t\t\t\t\t\t<div class=\"section-bg-overlay absolute fill\"><\/div>\n\t\t\t\n\n\t\t<\/div>\n\n\t\t\n\n\t\t<div class=\"section-content relative\">\n\t\t\t\n<div class=\"row row-collapse row-full-width align-middle\"  id=\"row-141504263\">\n\n\t<div id=\"col-1586827126\" class=\"col medium-6 small-12 large-6\"  data-animate=\"flipInY\">\n\t\t\t\t<div class=\"col-inner\"  >\n\t\t\t\n\t\t\t\n\n  <div class=\"banner has-hover is-full-height\" id=\"banner-1755028261\">\n          <div class=\"banner-inner fill\">\n        <div class=\"banner-bg fill\" >\n            <img loading=\"lazy\" decoding=\"async\" width=\"1020\" height=\"680\" src=\"https:\/\/mgf.gi\/es\/wp-content\/uploads\/2023\/07\/shutterstock_1033685812.jpg\" class=\"bg attachment-large size-large\" alt=\"\" \/>                        <div class=\"overlay\"><\/div>            \n                    <\/div>\n\t\t\n        <div class=\"banner-layers container\">\n            <div class=\"fill banner-link\"><\/div>            \n        <\/div>\n      <\/div>\n\n            \n<style>\n#banner-1755028261 {\n  padding-top: 100%;\n}\n#banner-1755028261 .overlay {\n  background-color: rgba(0, 0, 0, 0.75);\n}\n<\/style>\n  <\/div>\n\n\n\t\t<\/div>\n\t\t\t\t\t<\/div>\n\n\t\n\n\t<div id=\"col-1021370930\" class=\"col medium-6 small-12 large-6\"  >\n\t\t\t\t<div class=\"col-inner text-center\"  >\n\t\t\t\n\t\t\t\n\t<div id=\"text-1123771487\" class=\"text\">\n\t\t\n<p>La aplicaci\u00f3n \u00abMy Metropolitan\u00bb te permite:<\/p>\n<ul>\n<li>Solicitar tarjetas de d\u00e9bito.<\/li>\n<li>Recibir su tarjeta de d\u00e9bito en la direcci\u00f3n postal de su conveniencia, entregada por correo postal.<\/li>\n<li>Activar f\u00e1cilmente las tarjetas recibidas por mensajer\u00eda.<\/li>\n<li>Realizar todo tipo de transferencias bancarias.<\/li>\n<li>Pagar facturas de servicios p\u00fablicos e impuestos.<\/li>\n<li>Abrir y cerrar cuentas corrientes en diferentes monedas.<\/li>\n<li>Monitorear los movimientos de las cuentas corrientes en tiempo real.<\/li>\n<li>Exportar datos de sus extractos en diferentes formatos: Excel, PDF o html para un procesamiento de datos flexible.<\/li>\n<\/ul>\n\t\t\n<style>\n#text-1123771487 {\n  text-align: left;\n  color: rgb(0,0,0);\n}\n#text-1123771487 > * {\n  color: rgb(0,0,0);\n}\n<\/style>\n\t<\/div>\n\t\n\t\t<\/div>\n\t\t\t\t\n<style>\n#col-1021370930 > .col-inner {\n  padding: 10% 10% 10% 10%;\n  max-width: 520px;\n}\n<\/style>\n\t<\/div>\n\n\t\n<\/div>\n\t\t<\/div>\n\n\t\t\n<style>\n#section_1413193051 {\n  padding-top: 0px;\n  padding-bottom: 0px;\n  background-color: rgb(247, 247, 247);\n}\n#section_1413193051 .section-bg-overlay {\n  background-color: rgba(255, 255, 255, 0.85);\n}\n<\/style>\n\t<\/section>\n\t\n\n\t<section class=\"section dark\" id=\"section_41481595\">\n\t\t<div class=\"section-bg fill\" >\n\t\t\t\t\t\t\t\t\t\n\t\t\t\n\n\t\t<\/div>\n\n\t\t\n\n\t\t<div class=\"section-content relative\">\n\t\t\t\n\t<div id=\"text-3133912217\" class=\"text alternative\">\n\t\t\n<p><span style=\"font-size: 350%;\">\u00a1Cuentas Corrientes Premium!<\/span><\/p>\n\t\t\n<style>\n#text-3133912217 {\n  text-align: center;\n  color: #997d0c;\n}\n#text-3133912217 > * {\n  color: #997d0c;\n}\n<\/style>\n\t<\/div>\n\t\n\t\t<\/div>\n\n\t\t\n<style>\n#section_41481595 {\n  padding-top: 30px;\n  padding-bottom: 30px;\n  background-color: rgb(0,0,0);\n}\n<\/style>\n\t<\/section>\n\t\n","protected":false},"excerpt":{"rendered":"","protected":false},"author":1,"featured_media":330,"parent":0,"menu_order":0,"comment_status":"closed","ping_status":"closed","template":"page-transparent-header-light.php","meta":{"footnotes":""},"class_list":["post-717","page","type-page","status-publish","has-post-thumbnail","hentry"],"yoast_head":"<!-- This site is optimized with the Yoast SEO plugin v27.5 - https:\/\/yoast.com\/product\/yoast-seo-wordpress\/ -->\n<title>Cuentas Actuales - one of the top financial institutions<\/title>\n<meta name=\"description\" content=\"We are one of the top financial institutions in Gibraltar, recognized as an innovative and fast-growing payment institution, customer-oriented\" \/>\n<meta name=\"robots\" content=\"index, follow, max-snippet:-1, max-image-preview:large, max-video-preview:-1\" \/>\n<link rel=\"canonical\" href=\"https:\/\/mgf.gi\/es\/cuentas-actuales\/\" \/>\n<meta property=\"og:locale\" content=\"es_ES\" \/>\n<meta property=\"og:type\" content=\"article\" \/>\n<meta property=\"og:title\" content=\"Cuentas Actuales - one of the top financial institutions\" \/>\n<meta property=\"og:description\" content=\"We are one of the top financial institutions in Gibraltar, recognized as an innovative and fast-growing payment institution, customer-oriented\" \/>\n<meta property=\"og:url\" content=\"https:\/\/mgf.gi\/es\/cuentas-actuales\/\" \/>\n<meta property=\"og:site_name\" content=\"Metropolitan Global Finance\" \/>\n<meta property=\"article:modified_time\" content=\"2024-12-16T11:27:57+00:00\" \/>\n<meta property=\"og:image\" content=\"https:\/\/mgf.gi\/es\/wp-content\/uploads\/2023\/06\/shutterstock_579230023-scaled.jpg\" \/>\n\t<meta property=\"og:image:width\" content=\"2560\" \/>\n\t<meta property=\"og:image:height\" content=\"1709\" \/>\n\t<meta property=\"og:image:type\" content=\"image\/jpeg\" \/>\n<meta name=\"twitter:card\" content=\"summary_large_image\" \/>\n<meta name=\"twitter:label1\" content=\"Tiempo de lectura\" \/>\n\t<meta name=\"twitter:data1\" content=\"3 minutos\" \/>\n<script type=\"application\/ld+json\" class=\"yoast-schema-graph\">{\"@context\":\"https:\\\/\\\/schema.org\",\"@graph\":[{\"@type\":\"WebPage\",\"@id\":\"https:\\\/\\\/mgf.gi\\\/es\\\/cuentas-actuales\\\/\",\"url\":\"https:\\\/\\\/mgf.gi\\\/es\\\/cuentas-actuales\\\/\",\"name\":\"Cuentas Actuales - one of the top financial institutions\",\"isPartOf\":{\"@id\":\"https:\\\/\\\/mgf.gi\\\/es\\\/#website\"},\"primaryImageOfPage\":{\"@id\":\"https:\\\/\\\/mgf.gi\\\/es\\\/cuentas-actuales\\\/#primaryimage\"},\"image\":{\"@id\":\"https:\\\/\\\/mgf.gi\\\/es\\\/cuentas-actuales\\\/#primaryimage\"},\"thumbnailUrl\":\"https:\\\/\\\/mgf.gi\\\/es\\\/wp-content\\\/uploads\\\/2023\\\/06\\\/shutterstock_579230023-scaled.jpg\",\"datePublished\":\"2023-07-19T16:39:14+00:00\",\"dateModified\":\"2024-12-16T11:27:57+00:00\",\"description\":\"We are one of the top financial institutions in Gibraltar, recognized as an innovative and fast-growing payment institution, customer-oriented\",\"breadcrumb\":{\"@id\":\"https:\\\/\\\/mgf.gi\\\/es\\\/cuentas-actuales\\\/#breadcrumb\"},\"inLanguage\":\"es\",\"potentialAction\":[{\"@type\":\"ReadAction\",\"target\":[\"https:\\\/\\\/mgf.gi\\\/es\\\/cuentas-actuales\\\/\"]}]},{\"@type\":\"ImageObject\",\"inLanguage\":\"es\",\"@id\":\"https:\\\/\\\/mgf.gi\\\/es\\\/cuentas-actuales\\\/#primaryimage\",\"url\":\"https:\\\/\\\/mgf.gi\\\/es\\\/wp-content\\\/uploads\\\/2023\\\/06\\\/shutterstock_579230023-scaled.jpg\",\"contentUrl\":\"https:\\\/\\\/mgf.gi\\\/es\\\/wp-content\\\/uploads\\\/2023\\\/06\\\/shutterstock_579230023-scaled.jpg\",\"width\":2560,\"height\":1709},{\"@type\":\"BreadcrumbList\",\"@id\":\"https:\\\/\\\/mgf.gi\\\/es\\\/cuentas-actuales\\\/#breadcrumb\",\"itemListElement\":[{\"@type\":\"ListItem\",\"position\":1,\"name\":\"Inicio\",\"item\":\"https:\\\/\\\/mgf.gi\\\/es\\\/\"},{\"@type\":\"ListItem\",\"position\":2,\"name\":\"Cuentas Actuales\"}]},{\"@type\":\"WebSite\",\"@id\":\"https:\\\/\\\/mgf.gi\\\/es\\\/#website\",\"url\":\"https:\\\/\\\/mgf.gi\\\/es\\\/\",\"name\":\"Metropolitan Global Finance\",\"description\":\"Financial services\",\"publisher\":{\"@id\":\"https:\\\/\\\/mgf.gi\\\/es\\\/#organization\"},\"alternateName\":\"MGF\",\"potentialAction\":[{\"@type\":\"SearchAction\",\"target\":{\"@type\":\"EntryPoint\",\"urlTemplate\":\"https:\\\/\\\/mgf.gi\\\/es\\\/?s={search_term_string}\"},\"query-input\":{\"@type\":\"PropertyValueSpecification\",\"valueRequired\":true,\"valueName\":\"search_term_string\"}}],\"inLanguage\":\"es\"},{\"@type\":\"Organization\",\"@id\":\"https:\\\/\\\/mgf.gi\\\/es\\\/#organization\",\"name\":\"Metropolitan Global Limited\",\"alternateName\":\"MGF\",\"url\":\"https:\\\/\\\/mgf.gi\\\/es\\\/\",\"logo\":{\"@type\":\"ImageObject\",\"inLanguage\":\"es\",\"@id\":\"https:\\\/\\\/mgf.gi\\\/es\\\/#\\\/schema\\\/logo\\\/image\\\/\",\"url\":\"https:\\\/\\\/mgf.gi\\\/wp-content\\\/uploads\\\/2023\\\/08\\\/Metropolitan-Global-Limited-Gibraltar-MGF.jpg\",\"contentUrl\":\"https:\\\/\\\/mgf.gi\\\/wp-content\\\/uploads\\\/2023\\\/08\\\/Metropolitan-Global-Limited-Gibraltar-MGF.jpg\",\"width\":1200,\"height\":628,\"caption\":\"Metropolitan Global Limited\"},\"image\":{\"@id\":\"https:\\\/\\\/mgf.gi\\\/es\\\/#\\\/schema\\\/logo\\\/image\\\/\"}}]}<\/script>\n<!-- \/ Yoast SEO plugin. -->","yoast_head_json":{"title":"Cuentas Actuales - one of the top financial institutions","description":"We are one of the top financial institutions in Gibraltar, recognized as an innovative and fast-growing payment institution, customer-oriented","robots":{"index":"index","follow":"follow","max-snippet":"max-snippet:-1","max-image-preview":"max-image-preview:large","max-video-preview":"max-video-preview:-1"},"canonical":"https:\/\/mgf.gi\/es\/cuentas-actuales\/","og_locale":"es_ES","og_type":"article","og_title":"Cuentas Actuales - one of the top financial institutions","og_description":"We are one of the top financial institutions in Gibraltar, recognized as an innovative and fast-growing payment institution, customer-oriented","og_url":"https:\/\/mgf.gi\/es\/cuentas-actuales\/","og_site_name":"Metropolitan Global Finance","article_modified_time":"2024-12-16T11:27:57+00:00","og_image":[{"width":2560,"height":1709,"url":"https:\/\/mgf.gi\/es\/wp-content\/uploads\/2023\/06\/shutterstock_579230023-scaled.jpg","type":"image\/jpeg"}],"twitter_card":"summary_large_image","twitter_misc":{"Tiempo de lectura":"3 minutos"},"schema":{"@context":"https:\/\/schema.org","@graph":[{"@type":"WebPage","@id":"https:\/\/mgf.gi\/es\/cuentas-actuales\/","url":"https:\/\/mgf.gi\/es\/cuentas-actuales\/","name":"Cuentas Actuales - one of the top financial institutions","isPartOf":{"@id":"https:\/\/mgf.gi\/es\/#website"},"primaryImageOfPage":{"@id":"https:\/\/mgf.gi\/es\/cuentas-actuales\/#primaryimage"},"image":{"@id":"https:\/\/mgf.gi\/es\/cuentas-actuales\/#primaryimage"},"thumbnailUrl":"https:\/\/mgf.gi\/es\/wp-content\/uploads\/2023\/06\/shutterstock_579230023-scaled.jpg","datePublished":"2023-07-19T16:39:14+00:00","dateModified":"2024-12-16T11:27:57+00:00","description":"We are one of the top financial institutions in Gibraltar, recognized as an innovative and fast-growing payment institution, customer-oriented","breadcrumb":{"@id":"https:\/\/mgf.gi\/es\/cuentas-actuales\/#breadcrumb"},"inLanguage":"es","potentialAction":[{"@type":"ReadAction","target":["https:\/\/mgf.gi\/es\/cuentas-actuales\/"]}]},{"@type":"ImageObject","inLanguage":"es","@id":"https:\/\/mgf.gi\/es\/cuentas-actuales\/#primaryimage","url":"https:\/\/mgf.gi\/es\/wp-content\/uploads\/2023\/06\/shutterstock_579230023-scaled.jpg","contentUrl":"https:\/\/mgf.gi\/es\/wp-content\/uploads\/2023\/06\/shutterstock_579230023-scaled.jpg","width":2560,"height":1709},{"@type":"BreadcrumbList","@id":"https:\/\/mgf.gi\/es\/cuentas-actuales\/#breadcrumb","itemListElement":[{"@type":"ListItem","position":1,"name":"Inicio","item":"https:\/\/mgf.gi\/es\/"},{"@type":"ListItem","position":2,"name":"Cuentas Actuales"}]},{"@type":"WebSite","@id":"https:\/\/mgf.gi\/es\/#website","url":"https:\/\/mgf.gi\/es\/","name":"Metropolitan Global Finance","description":"Financial services","publisher":{"@id":"https:\/\/mgf.gi\/es\/#organization"},"alternateName":"MGF","potentialAction":[{"@type":"SearchAction","target":{"@type":"EntryPoint","urlTemplate":"https:\/\/mgf.gi\/es\/?s={search_term_string}"},"query-input":{"@type":"PropertyValueSpecification","valueRequired":true,"valueName":"search_term_string"}}],"inLanguage":"es"},{"@type":"Organization","@id":"https:\/\/mgf.gi\/es\/#organization","name":"Metropolitan Global Limited","alternateName":"MGF","url":"https:\/\/mgf.gi\/es\/","logo":{"@type":"ImageObject","inLanguage":"es","@id":"https:\/\/mgf.gi\/es\/#\/schema\/logo\/image\/","url":"https:\/\/mgf.gi\/wp-content\/uploads\/2023\/08\/Metropolitan-Global-Limited-Gibraltar-MGF.jpg","contentUrl":"https:\/\/mgf.gi\/wp-content\/uploads\/2023\/08\/Metropolitan-Global-Limited-Gibraltar-MGF.jpg","width":1200,"height":628,"caption":"Metropolitan Global Limited"},"image":{"@id":"https:\/\/mgf.gi\/es\/#\/schema\/logo\/image\/"}}]}},"_links":{"self":[{"href":"https:\/\/mgf.gi\/es\/wp-json\/wp\/v2\/pages\/717","targetHints":{"allow":["GET"]}}],"collection":[{"href":"https:\/\/mgf.gi\/es\/wp-json\/wp\/v2\/pages"}],"about":[{"href":"https:\/\/mgf.gi\/es\/wp-json\/wp\/v2\/types\/page"}],"author":[{"embeddable":true,"href":"https:\/\/mgf.gi\/es\/wp-json\/wp\/v2\/users\/1"}],"replies":[{"embeddable":true,"href":"https:\/\/mgf.gi\/es\/wp-json\/wp\/v2\/comments?post=717"}],"version-history":[{"count":41,"href":"https:\/\/mgf.gi\/es\/wp-json\/wp\/v2\/pages\/717\/revisions"}],"predecessor-version":[{"id":1659,"href":"https:\/\/mgf.gi\/es\/wp-json\/wp\/v2\/pages\/717\/revisions\/1659"}],"wp:featuredmedia":[{"embeddable":true,"href":"https:\/\/mgf.gi\/es\/wp-json\/wp\/v2\/media\/330"}],"wp:attachment":[{"href":"https:\/\/mgf.gi\/es\/wp-json\/wp\/v2\/media?parent=717"}],"curies":[{"name":"wp","href":"https:\/\/api.w.org\/{rel}","templated":true}]}}