{"id":586,"date":"2023-07-06T01:15:25","date_gmt":"2023-07-06T07:15:25","guid":{"rendered":"https:\/\/huge.world\/mbg\/?page_id=586"},"modified":"2025-01-09T00:21:26","modified_gmt":"2025-01-09T06:21:26","slug":"gobernanza-corporativa","status":"publish","type":"page","link":"https:\/\/mgf.gi\/es\/gobernanza-corporativa\/","title":{"rendered":"Gobernanza Corporativa"},"content":{"rendered":"\n  <div class=\"banner has-hover bg-color is-full-height\" id=\"banner-1063420842\">\n          <div class=\"banner-inner fill\">\n        <div class=\"banner-bg fill\" >\n            <img loading=\"lazy\" decoding=\"async\" width=\"1020\" height=\"680\" src=\"https:\/\/mgf.gi\/es\/wp-content\/uploads\/2023\/07\/shutterstock_382531132.jpg\" class=\"bg attachment-large size-large\" alt=\"\" \/>                        <div class=\"overlay\"><\/div>            \n                    <\/div>\n\t\t\n        <div class=\"banner-layers container\">\n            <div class=\"fill banner-link\"><\/div>            \n   <div id=\"text-box-1850290765\" class=\"text-box banner-layer x50 md-x50 lg-x50 y50 md-y70 lg-y70 res-text\">\n              <div data-parallax=\"-1\" data-parallax-fade=\"true\">       <div data-animate=\"bounceIn\">           <div class=\"text-box-content text dark\">\n              \n              <div class=\"text-inner text-center\">\n                  \n<p class=\"alternative\"><span style=\"font-size: 500%; color: #997d0c;\" data-line-height=\"xs\">Gobernanza<br \/>\nCorporativa<\/span><\/p>\n              <\/div>\n           <\/div>\n       <\/div>       <\/div>              \n<style>\n#text-box-1850290765 {\n  width: 80%;\n}\n#text-box-1850290765 .text-box-content {\n  font-size: 100%;\n}\n@media (min-width:550px) {\n  #text-box-1850290765 {\n    width: 70%;\n  }\n}\n<\/style>\n    <\/div>\n \n        <\/div>\n      <\/div>\n\n            \n<style>\n#banner-1063420842 {\n  padding-top: 100%;\n}\n#banner-1063420842 .overlay {\n  background-color: rgba(0, 0, 0, 0.75);\n}\n#banner-1063420842 .banner-bg img {\n  object-position: 68% 27%;\n}\n<\/style>\n  <\/div>\n\n\n\n\t<section class=\"section\" id=\"section_1923285453\">\n\t\t<div class=\"section-bg fill\" >\n\t\t\t\t\t\t\t\t\t\n\t\t\t\n\n\t\t<\/div>\n\n\t\t\n\n\t\t<div class=\"section-content relative\">\n\t\t\t\n<div class=\"row align-equal row-box-shadow-2-hover\"  id=\"row-1551011220\">\n\n\t<div id=\"col-1171512706\" class=\"col medium-6 small-12 large-4\"  data-animate=\"bounceInUp\">\n\t\t\t\t<div class=\"col-inner\"  >\n\t\t\t\n\t\t\t\n\n\t<a class=\"plain\" href=\"https:\/\/mgf.gi\/es\/junta-directiva\/\" >\t<div class=\"icon-box featured-box icon-box-center text-center\"  >\n\t\t\t\t\t<div class=\"icon-box-img\" style=\"width: 48px\">\n\t\t\t\t<div class=\"icon\">\n\t\t\t\t\t<div class=\"icon-inner\" >\n\t\t\t\t\t\t<img loading=\"lazy\" decoding=\"async\" width=\"400\" height=\"400\" src=\"https:\/\/mgf.gi\/es\/wp-content\/uploads\/2023\/07\/espadas-cruzadas-400x400.png\" class=\"attachment-medium size-medium\" alt=\"\" srcset=\"https:\/\/mgf.gi\/es\/wp-content\/uploads\/2023\/07\/espadas-cruzadas-400x400.png 400w, https:\/\/mgf.gi\/es\/wp-content\/uploads\/2023\/07\/espadas-cruzadas-280x280.png 280w, https:\/\/mgf.gi\/es\/wp-content\/uploads\/2023\/07\/espadas-cruzadas-300x300.png 300w, https:\/\/mgf.gi\/es\/wp-content\/uploads\/2023\/07\/espadas-cruzadas-100x100.png 100w, https:\/\/mgf.gi\/es\/wp-content\/uploads\/2023\/07\/espadas-cruzadas.png 512w\" sizes=\"auto, (max-width: 400px) 100vw, 400px\" \/>\t\t\t\t\t<\/div>\n\t\t\t\t<\/div>\n\t\t\t<\/div>\n\t\t\t\t<div class=\"icon-box-text last-reset\">\n\t\t\t\t\t\t\t\t\t\n\t<div id=\"text-1907287888\" class=\"text\">\n\t\t\n<p class=\"alternative\"><span style=\"font-size: 250%;\">Junta Directiva<\/span><\/p>\n\t\t\n<style>\n#text-1907287888 {\n  color: #997d0c;\n}\n#text-1907287888 > * {\n  color: #997d0c;\n}\n<\/style>\n\t<\/div>\n\t\n\t\t<\/div>\n\t<\/div>\n\t<\/a>\n\t\n\t\t<\/div>\n\t\t\t\t\t<\/div>\n\n\t\n\n\t<div id=\"col-119968899\" class=\"col medium-6 small-12 large-4\"  data-animate=\"bounceInUp\">\n\t\t\t\t<div class=\"col-inner\"  >\n\t\t\t\n\t\t\t\n\n\t<a class=\"plain\" href=\"https:\/\/mgf.gi\/es\/cumplimiento\/\" >\t<div class=\"icon-box featured-box icon-box-center text-center\"  >\n\t\t\t\t\t<div class=\"icon-box-img\" style=\"width: 48px\">\n\t\t\t\t<div class=\"icon\">\n\t\t\t\t\t<div class=\"icon-inner\" >\n\t\t\t\t\t\t<img loading=\"lazy\" decoding=\"async\" width=\"400\" height=\"400\" src=\"https:\/\/mgf.gi\/es\/wp-content\/uploads\/2023\/07\/cofre-del-tesoro-400x400.png\" class=\"attachment-medium size-medium\" alt=\"\" srcset=\"https:\/\/mgf.gi\/es\/wp-content\/uploads\/2023\/07\/cofre-del-tesoro-400x400.png 400w, https:\/\/mgf.gi\/es\/wp-content\/uploads\/2023\/07\/cofre-del-tesoro-280x280.png 280w, https:\/\/mgf.gi\/es\/wp-content\/uploads\/2023\/07\/cofre-del-tesoro-300x300.png 300w, https:\/\/mgf.gi\/es\/wp-content\/uploads\/2023\/07\/cofre-del-tesoro-100x100.png 100w, https:\/\/mgf.gi\/es\/wp-content\/uploads\/2023\/07\/cofre-del-tesoro.png 512w\" sizes=\"auto, (max-width: 400px) 100vw, 400px\" \/>\t\t\t\t\t<\/div>\n\t\t\t\t<\/div>\n\t\t\t<\/div>\n\t\t\t\t<div class=\"icon-box-text last-reset\">\n\t\t\t\t\t\t\t\t\t\n\t<div id=\"text-1433751495\" class=\"text\">\n\t\t\n<p class=\"alternative\"><span style=\"font-size: 250%;\">Compliance<\/span><\/p>\n\t\t\n<style>\n#text-1433751495 {\n  color: #997d0c;\n}\n#text-1433751495 > * {\n  color: #997d0c;\n}\n<\/style>\n\t<\/div>\n\t\n\t\t<\/div>\n\t<\/div>\n\t<\/a>\n\t\n\t\t<\/div>\n\t\t\t\t\t<\/div>\n\n\t\n\n\t<div id=\"col-1933118132\" class=\"col medium-6 small-12 large-4\"  data-animate=\"bounceInUp\">\n\t\t\t\t<div class=\"col-inner\"  >\n\t\t\t\n\t\t\t\n\n\t<a class=\"plain\" href=\"https:\/\/mgf.gi\/es\/politica-corporativa\/\" >\t<div class=\"icon-box featured-box icon-box-center text-center\"  >\n\t\t\t\t\t<div class=\"icon-box-img\" style=\"width: 48px\">\n\t\t\t\t<div class=\"icon\">\n\t\t\t\t\t<div class=\"icon-inner\" >\n\t\t\t\t\t\t<img loading=\"lazy\" decoding=\"async\" width=\"400\" height=\"400\" src=\"https:\/\/mgf.gi\/es\/wp-content\/uploads\/2023\/07\/trompeta-400x400.png\" class=\"attachment-medium size-medium\" alt=\"\" srcset=\"https:\/\/mgf.gi\/es\/wp-content\/uploads\/2023\/07\/trompeta-400x400.png 400w, https:\/\/mgf.gi\/es\/wp-content\/uploads\/2023\/07\/trompeta-280x280.png 280w, https:\/\/mgf.gi\/es\/wp-content\/uploads\/2023\/07\/trompeta-300x300.png 300w, https:\/\/mgf.gi\/es\/wp-content\/uploads\/2023\/07\/trompeta-100x100.png 100w, https:\/\/mgf.gi\/es\/wp-content\/uploads\/2023\/07\/trompeta.png 512w\" sizes=\"auto, (max-width: 400px) 100vw, 400px\" \/>\t\t\t\t\t<\/div>\n\t\t\t\t<\/div>\n\t\t\t<\/div>\n\t\t\t\t<div class=\"icon-box-text last-reset\">\n\t\t\t\t\t\t\t\t\t\n\t<div id=\"text-3395539277\" class=\"text\">\n\t\t\n<p class=\"alternative\"><span style=\"font-size: 250%;\">Pol\u00edtica Corporativa<\/span><\/p>\n\t\t\n<style>\n#text-3395539277 {\n  color: #997d0c;\n}\n#text-3395539277 > * {\n  color: #997d0c;\n}\n<\/style>\n\t<\/div>\n\t\n\t\t<\/div>\n\t<\/div>\n\t<\/a>\n\t\n\t\t<\/div>\n\t\t\t\t\t<\/div>\n\n\t\n\n<style>\n#row-1551011220 > .col > .col-inner {\n  padding: 40px 40px 40px 40px;\n  background-color: rgb(255,255,255);\n  border-radius: 20px;\n}\n<\/style>\n<\/div>\n\t\t<\/div>\n\n\t\t\n<style>\n#section_1923285453 {\n  padding-top: 60px;\n  padding-bottom: 60px;\n  background-color: #997d0c;\n}\n<\/style>\n\t<\/section>\n\t\n\n\t<section class=\"section\" id=\"section_1734936449\">\n\t\t<div class=\"section-bg fill\" >\n\t\t\t\t\t\t\t\t\t\n\t\t\t\n\n\t\t<\/div>\n\n\t\t\n\n\t\t<div class=\"section-content relative\">\n\t\t\t\n<div class=\"row align-center\"  id=\"row-1727225088\">\n\n\t<div id=\"col-468877987\" class=\"col medium-9 small-12 large-9\"  >\n\t\t\t\t<div class=\"col-inner\"  >\n\t\t\t\n\t\t\t\n\t<div id=\"text-852398649\" class=\"text\">\n\t\t\n<p>Metropolitan Global Finance opera dentro del marco de regulaciones tanto locales como internacionales. Nos aseguramos de que todos los empleados, as\u00ed como los miembros de los \u00f3rganos de direcci\u00f3n y supervisi\u00f3n, respeten el C\u00f3digo de Conducta de Metropolitan. Nuestro objetivo principal es minimizar los riesgos y optimizar el rendimiento.<\/p>\n<p>En cumplimiento de nuestra licencia de dinero electr\u00f3nico, Metropolitan Global Finance implementa diligentemente medidas para combatir el lavado de dinero y el financiamiento del terrorismo. Trabajamos estrechamente con organismos gubernamentales para mantener estrictos protocolos de prevenci\u00f3n.<\/p>\n<p>El principio \u00abConozca a su cliente\u00bb nos gu\u00eda a la hora de brindar servicios personalizados para satisfacer las necesidades \u00fanicas de nuestros clientes. Adem\u00e1s, en cumplimiento de la Ley de ratificaci\u00f3n del Acuerdo entre el gobierno de Gibraltar y el gobierno de los Estados Unidos de Am\u00e9rica para implementar FATCA, Metropolitan Global Finance cumple plenamente con la normativa FATCA.<\/p>\n<p>Como controlador de datos personales, Metropolitan Global Finance cumple estrictamente con las disposiciones legales relativas a la recopilaci\u00f3n y el procesamiento de datos personales. La satisfacci\u00f3n del cliente, especialmente en lo que respecta a la seguridad de los datos, sigue siendo nuestra principal prioridad. Manejamos sus datos personales con diligencia y tomamos las medidas adecuadas para proteger sus derechos seg\u00fan el Reglamento General de Protecci\u00f3n de Datos (GDPR).<\/p>\n\t\t\n<style>\n#text-852398649 {\n  text-align: center;\n}\n<\/style>\n\t<\/div>\n\t\n\t\t<\/div>\n\t\t\t\t\t<\/div>\n\n\t\n<\/div>\n\t\t<\/div>\n\n\t\t\n<style>\n#section_1734936449 {\n  padding-top: 30px;\n  padding-bottom: 30px;\n  background-color: rgb(255,255,255);\n}\n<\/style>\n\t<\/section>\n\t\n\n  <div class=\"banner has-hover\" id=\"banner-471473980\">\n          <div class=\"banner-inner fill\">\n        <div class=\"banner-bg fill\" >\n                                                \n                    <\/div>\n\t\t\n        <div class=\"banner-layers container\">\n            <div class=\"fill banner-link\"><\/div>            \n   <div id=\"text-box-1030308871\" class=\"text-box banner-layer x50 md-x0 lg-x0 y50 md-y50 lg-y50 res-text\">\n                     <div data-animate=\"fadeInRight\">           <div class=\"text-box-content text dark\">\n              \n              <div class=\"text-inner text-left\">\n                  \n<p class=\"alternative\" style=\"color: #997d0c;\"><span style=\"font-size: 300%;\">Abrir una cuenta<\/span><\/p>\n<a href=\"\/client-packages\" class=\"button white is-underline\" >\n\t\t<span>Darse de alta en l\u00ednea<\/span>\n\t<i class=\"icon-angle-right\" aria-hidden=\"true\"><\/i><\/a>\n\n              <\/div>\n           <\/div>\n       <\/div>                     \n<style>\n#text-box-1030308871 {\n  width: 79%;\n}\n#text-box-1030308871 .text-box-content {\n  font-size: 158%;\n}\n@media (min-width:550px) {\n  #text-box-1030308871 {\n    width: 61%;\n  }\n  #text-box-1030308871 .text-box-content {\n    font-size: 100%;\n  }\n}\n<\/style>\n    <\/div>\n \n        <\/div>\n      <\/div>\n\n            \n<style>\n#banner-471473980 {\n  padding-top: 426px;\n  background-color: rgb(0,0,0);\n}\n<\/style>\n  <\/div>\n\n\n","protected":false},"excerpt":{"rendered":"","protected":false},"author":2,"featured_media":330,"parent":0,"menu_order":0,"comment_status":"closed","ping_status":"closed","template":"page-transparent-header-light.php","meta":{"footnotes":""},"class_list":["post-586","page","type-page","status-publish","has-post-thumbnail","hentry"],"yoast_head":"<!-- This site is optimized with the Yoast SEO plugin v27.5 - https:\/\/yoast.com\/product\/yoast-seo-wordpress\/ -->\n<title>Gobernanza Corporativa - one of the top financial institutions<\/title>\n<meta name=\"description\" content=\"We are one of the top financial institutions in Gibraltar, recognized as an innovative and fast-growing payment institution, customer-oriented\" \/>\n<meta name=\"robots\" content=\"index, follow, max-snippet:-1, max-image-preview:large, max-video-preview:-1\" \/>\n<link rel=\"canonical\" href=\"https:\/\/mgf.gi\/es\/gobernanza-corporativa\/\" \/>\n<meta property=\"og:locale\" content=\"es_ES\" \/>\n<meta property=\"og:type\" content=\"article\" \/>\n<meta property=\"og:title\" content=\"Gobernanza Corporativa - one of the top financial institutions\" \/>\n<meta property=\"og:description\" content=\"We are one of the top financial institutions in Gibraltar, recognized as an innovative and fast-growing payment institution, customer-oriented\" \/>\n<meta property=\"og:url\" content=\"https:\/\/mgf.gi\/es\/gobernanza-corporativa\/\" \/>\n<meta property=\"og:site_name\" content=\"Metropolitan Global Finance\" \/>\n<meta property=\"article:modified_time\" content=\"2025-01-09T06:21:26+00:00\" \/>\n<meta property=\"og:image\" content=\"https:\/\/mgf.gi\/es\/wp-content\/uploads\/2023\/06\/shutterstock_579230023-scaled.jpg\" \/>\n\t<meta property=\"og:image:width\" content=\"2560\" \/>\n\t<meta property=\"og:image:height\" content=\"1709\" \/>\n\t<meta property=\"og:image:type\" content=\"image\/jpeg\" \/>\n<meta name=\"twitter:card\" content=\"summary_large_image\" \/>\n<meta name=\"twitter:label1\" content=\"Tiempo de lectura\" \/>\n\t<meta name=\"twitter:data1\" content=\"2 minutos\" \/>\n<script type=\"application\/ld+json\" class=\"yoast-schema-graph\">{\"@context\":\"https:\\\/\\\/schema.org\",\"@graph\":[{\"@type\":\"WebPage\",\"@id\":\"https:\\\/\\\/mgf.gi\\\/es\\\/gobernanza-corporativa\\\/\",\"url\":\"https:\\\/\\\/mgf.gi\\\/es\\\/gobernanza-corporativa\\\/\",\"name\":\"Gobernanza Corporativa - one of the top financial institutions\",\"isPartOf\":{\"@id\":\"https:\\\/\\\/mgf.gi\\\/es\\\/#website\"},\"primaryImageOfPage\":{\"@id\":\"https:\\\/\\\/mgf.gi\\\/es\\\/gobernanza-corporativa\\\/#primaryimage\"},\"image\":{\"@id\":\"https:\\\/\\\/mgf.gi\\\/es\\\/gobernanza-corporativa\\\/#primaryimage\"},\"thumbnailUrl\":\"https:\\\/\\\/mgf.gi\\\/es\\\/wp-content\\\/uploads\\\/2023\\\/06\\\/shutterstock_579230023-scaled.jpg\",\"datePublished\":\"2023-07-06T07:15:25+00:00\",\"dateModified\":\"2025-01-09T06:21:26+00:00\",\"description\":\"We are one of the top financial institutions in Gibraltar, recognized as an innovative and fast-growing payment institution, customer-oriented\",\"breadcrumb\":{\"@id\":\"https:\\\/\\\/mgf.gi\\\/es\\\/gobernanza-corporativa\\\/#breadcrumb\"},\"inLanguage\":\"es\",\"potentialAction\":[{\"@type\":\"ReadAction\",\"target\":[\"https:\\\/\\\/mgf.gi\\\/es\\\/gobernanza-corporativa\\\/\"]}]},{\"@type\":\"ImageObject\",\"inLanguage\":\"es\",\"@id\":\"https:\\\/\\\/mgf.gi\\\/es\\\/gobernanza-corporativa\\\/#primaryimage\",\"url\":\"https:\\\/\\\/mgf.gi\\\/es\\\/wp-content\\\/uploads\\\/2023\\\/06\\\/shutterstock_579230023-scaled.jpg\",\"contentUrl\":\"https:\\\/\\\/mgf.gi\\\/es\\\/wp-content\\\/uploads\\\/2023\\\/06\\\/shutterstock_579230023-scaled.jpg\",\"width\":2560,\"height\":1709},{\"@type\":\"BreadcrumbList\",\"@id\":\"https:\\\/\\\/mgf.gi\\\/es\\\/gobernanza-corporativa\\\/#breadcrumb\",\"itemListElement\":[{\"@type\":\"ListItem\",\"position\":1,\"name\":\"Inicio\",\"item\":\"https:\\\/\\\/mgf.gi\\\/es\\\/\"},{\"@type\":\"ListItem\",\"position\":2,\"name\":\"Gobernanza Corporativa\"}]},{\"@type\":\"WebSite\",\"@id\":\"https:\\\/\\\/mgf.gi\\\/es\\\/#website\",\"url\":\"https:\\\/\\\/mgf.gi\\\/es\\\/\",\"name\":\"Metropolitan Global Finance\",\"description\":\"Financial services\",\"publisher\":{\"@id\":\"https:\\\/\\\/mgf.gi\\\/es\\\/#organization\"},\"alternateName\":\"MGF\",\"potentialAction\":[{\"@type\":\"SearchAction\",\"target\":{\"@type\":\"EntryPoint\",\"urlTemplate\":\"https:\\\/\\\/mgf.gi\\\/es\\\/?s={search_term_string}\"},\"query-input\":{\"@type\":\"PropertyValueSpecification\",\"valueRequired\":true,\"valueName\":\"search_term_string\"}}],\"inLanguage\":\"es\"},{\"@type\":\"Organization\",\"@id\":\"https:\\\/\\\/mgf.gi\\\/es\\\/#organization\",\"name\":\"Metropolitan Global Limited\",\"alternateName\":\"MGF\",\"url\":\"https:\\\/\\\/mgf.gi\\\/es\\\/\",\"logo\":{\"@type\":\"ImageObject\",\"inLanguage\":\"es\",\"@id\":\"https:\\\/\\\/mgf.gi\\\/es\\\/#\\\/schema\\\/logo\\\/image\\\/\",\"url\":\"https:\\\/\\\/mgf.gi\\\/wp-content\\\/uploads\\\/2023\\\/08\\\/Metropolitan-Global-Limited-Gibraltar-MGF.jpg\",\"contentUrl\":\"https:\\\/\\\/mgf.gi\\\/wp-content\\\/uploads\\\/2023\\\/08\\\/Metropolitan-Global-Limited-Gibraltar-MGF.jpg\",\"width\":1200,\"height\":628,\"caption\":\"Metropolitan Global Limited\"},\"image\":{\"@id\":\"https:\\\/\\\/mgf.gi\\\/es\\\/#\\\/schema\\\/logo\\\/image\\\/\"}}]}<\/script>\n<!-- \/ Yoast SEO plugin. -->","yoast_head_json":{"title":"Gobernanza Corporativa - one of the top financial institutions","description":"We are one of the top financial institutions in Gibraltar, recognized as an innovative and fast-growing payment institution, customer-oriented","robots":{"index":"index","follow":"follow","max-snippet":"max-snippet:-1","max-image-preview":"max-image-preview:large","max-video-preview":"max-video-preview:-1"},"canonical":"https:\/\/mgf.gi\/es\/gobernanza-corporativa\/","og_locale":"es_ES","og_type":"article","og_title":"Gobernanza Corporativa - one of the top financial institutions","og_description":"We are one of the top financial institutions in Gibraltar, recognized as an innovative and fast-growing payment institution, customer-oriented","og_url":"https:\/\/mgf.gi\/es\/gobernanza-corporativa\/","og_site_name":"Metropolitan Global Finance","article_modified_time":"2025-01-09T06:21:26+00:00","og_image":[{"width":2560,"height":1709,"url":"https:\/\/mgf.gi\/es\/wp-content\/uploads\/2023\/06\/shutterstock_579230023-scaled.jpg","type":"image\/jpeg"}],"twitter_card":"summary_large_image","twitter_misc":{"Tiempo de lectura":"2 minutos"},"schema":{"@context":"https:\/\/schema.org","@graph":[{"@type":"WebPage","@id":"https:\/\/mgf.gi\/es\/gobernanza-corporativa\/","url":"https:\/\/mgf.gi\/es\/gobernanza-corporativa\/","name":"Gobernanza Corporativa - one of the top financial institutions","isPartOf":{"@id":"https:\/\/mgf.gi\/es\/#website"},"primaryImageOfPage":{"@id":"https:\/\/mgf.gi\/es\/gobernanza-corporativa\/#primaryimage"},"image":{"@id":"https:\/\/mgf.gi\/es\/gobernanza-corporativa\/#primaryimage"},"thumbnailUrl":"https:\/\/mgf.gi\/es\/wp-content\/uploads\/2023\/06\/shutterstock_579230023-scaled.jpg","datePublished":"2023-07-06T07:15:25+00:00","dateModified":"2025-01-09T06:21:26+00:00","description":"We are one of the top financial institutions in Gibraltar, recognized as an innovative and fast-growing payment institution, customer-oriented","breadcrumb":{"@id":"https:\/\/mgf.gi\/es\/gobernanza-corporativa\/#breadcrumb"},"inLanguage":"es","potentialAction":[{"@type":"ReadAction","target":["https:\/\/mgf.gi\/es\/gobernanza-corporativa\/"]}]},{"@type":"ImageObject","inLanguage":"es","@id":"https:\/\/mgf.gi\/es\/gobernanza-corporativa\/#primaryimage","url":"https:\/\/mgf.gi\/es\/wp-content\/uploads\/2023\/06\/shutterstock_579230023-scaled.jpg","contentUrl":"https:\/\/mgf.gi\/es\/wp-content\/uploads\/2023\/06\/shutterstock_579230023-scaled.jpg","width":2560,"height":1709},{"@type":"BreadcrumbList","@id":"https:\/\/mgf.gi\/es\/gobernanza-corporativa\/#breadcrumb","itemListElement":[{"@type":"ListItem","position":1,"name":"Inicio","item":"https:\/\/mgf.gi\/es\/"},{"@type":"ListItem","position":2,"name":"Gobernanza Corporativa"}]},{"@type":"WebSite","@id":"https:\/\/mgf.gi\/es\/#website","url":"https:\/\/mgf.gi\/es\/","name":"Metropolitan Global Finance","description":"Financial services","publisher":{"@id":"https:\/\/mgf.gi\/es\/#organization"},"alternateName":"MGF","potentialAction":[{"@type":"SearchAction","target":{"@type":"EntryPoint","urlTemplate":"https:\/\/mgf.gi\/es\/?s={search_term_string}"},"query-input":{"@type":"PropertyValueSpecification","valueRequired":true,"valueName":"search_term_string"}}],"inLanguage":"es"},{"@type":"Organization","@id":"https:\/\/mgf.gi\/es\/#organization","name":"Metropolitan Global Limited","alternateName":"MGF","url":"https:\/\/mgf.gi\/es\/","logo":{"@type":"ImageObject","inLanguage":"es","@id":"https:\/\/mgf.gi\/es\/#\/schema\/logo\/image\/","url":"https:\/\/mgf.gi\/wp-content\/uploads\/2023\/08\/Metropolitan-Global-Limited-Gibraltar-MGF.jpg","contentUrl":"https:\/\/mgf.gi\/wp-content\/uploads\/2023\/08\/Metropolitan-Global-Limited-Gibraltar-MGF.jpg","width":1200,"height":628,"caption":"Metropolitan Global Limited"},"image":{"@id":"https:\/\/mgf.gi\/es\/#\/schema\/logo\/image\/"}}]}},"_links":{"self":[{"href":"https:\/\/mgf.gi\/es\/wp-json\/wp\/v2\/pages\/586","targetHints":{"allow":["GET"]}}],"collection":[{"href":"https:\/\/mgf.gi\/es\/wp-json\/wp\/v2\/pages"}],"about":[{"href":"https:\/\/mgf.gi\/es\/wp-json\/wp\/v2\/types\/page"}],"author":[{"embeddable":true,"href":"https:\/\/mgf.gi\/es\/wp-json\/wp\/v2\/users\/2"}],"replies":[{"embeddable":true,"href":"https:\/\/mgf.gi\/es\/wp-json\/wp\/v2\/comments?post=586"}],"version-history":[{"count":30,"href":"https:\/\/mgf.gi\/es\/wp-json\/wp\/v2\/pages\/586\/revisions"}],"predecessor-version":[{"id":1698,"href":"https:\/\/mgf.gi\/es\/wp-json\/wp\/v2\/pages\/586\/revisions\/1698"}],"wp:featuredmedia":[{"embeddable":true,"href":"https:\/\/mgf.gi\/es\/wp-json\/wp\/v2\/media\/330"}],"wp:attachment":[{"href":"https:\/\/mgf.gi\/es\/wp-json\/wp\/v2\/media?parent=586"}],"curies":[{"name":"wp","href":"https:\/\/api.w.org\/{rel}","templated":true}]}}