{"id":508,"date":"2023-07-04T17:41:34","date_gmt":"2023-07-04T23:41:34","guid":{"rendered":"https:\/\/huge.world\/mbg\/?page_id=508"},"modified":"2025-08-12T12:36:56","modified_gmt":"2025-08-12T10:36:56","slug":"contacto","status":"publish","type":"page","link":"https:\/\/mgf.gi\/es\/contacto\/","title":{"rendered":"Contacto"},"content":{"rendered":"\n  <div class=\"banner has-hover bg-color is-full-height\" id=\"banner-1672957507\">\n          <div class=\"banner-inner fill\">\n        <div class=\"banner-bg fill\" >\n            <img loading=\"lazy\" decoding=\"async\" width=\"600\" height=\"800\" src=\"https:\/\/mgf.gi\/es\/wp-content\/uploads\/2025\/08\/WhatsApp-Image-2025-07-27-at-11.56.45-600x800.jpeg\" class=\"bg attachment-large size-large\" alt=\"\" \/>                        <div class=\"overlay\"><\/div>            \n                    <\/div>\n\t\t\n        <div class=\"banner-layers container\">\n            <div class=\"fill banner-link\"><\/div>            \n   <div id=\"text-box-440485378\" class=\"text-box banner-layer x50 md-x50 lg-x50 y50 md-y70 lg-y70 res-text\">\n              <div data-parallax=\"-1\" data-parallax-fade=\"true\">       <div data-animate=\"bounceIn\">           <div class=\"text-box-content text dark\">\n              \n              <div class=\"text-inner text-center\">\n                  \n<h1 class=\"alternative\"><span style=\"font-size: 200%; color: #997d0c;\" data-line-height=\"xs\">Cont\u00e1ctenos<\/span><\/h1>\n              <\/div>\n           <\/div>\n       <\/div>       <\/div>              \n<style>\n#text-box-440485378 {\n  width: 80%;\n}\n#text-box-440485378 .text-box-content {\n  font-size: 100%;\n}\n@media (min-width:550px) {\n  #text-box-440485378 {\n    width: 70%;\n  }\n}\n<\/style>\n    <\/div>\n \n        <\/div>\n      <\/div>\n\n            \n<style>\n#banner-1672957507 {\n  padding-top: 100%;\n}\n#banner-1672957507 .overlay {\n  background-color: rgba(0, 0, 0, 0.75);\n}\n#banner-1672957507 .banner-bg img {\n  object-position: 45% 89%;\n}\n<\/style>\n  <\/div>\n\n\n\n<div class=\"row row-divided\" style=\"max-width:1400px\" id=\"row-904941651\">\n\n\t<div id=\"col-90950384\" class=\"col medium-6 small-12 large-6\"  >\n\t\t\t\t<div class=\"col-inner\"  >\n\t\t\t\n\t\t\t\n\t<div id=\"text-2289696669\" class=\"text\">\n\t\t\n<p class=\"alternative\"><span style=\"font-size: 350%;\">Ponte en contacto<\/span><\/p>\n\t\t\n<style>\n#text-2289696669 {\n  color: #997d0c;\n}\n#text-2289696669 > * {\n  color: #997d0c;\n}\n<\/style>\n\t<\/div>\n\t\n<div class=\"row\"  id=\"row-842628254\">\n\n\t<div id=\"col-906400676\" class=\"col medium-6 small-12 large-6\"  >\n\t\t\t\t<div class=\"col-inner\"  >\n\t\t\t\n\t\t\t\n\t<div class=\"img has-hover x md-x lg-x y md-y lg-y\" id=\"image_2078047131\">\n\t\t\t\t\t\t\t\t<div class=\"img-inner dark\" >\n\t\t\t<img loading=\"lazy\" decoding=\"async\" width=\"240\" height=\"240\" src=\"https:\/\/mgf.gi\/es\/wp-content\/uploads\/2023\/07\/time-fill.png\" class=\"attachment-large size-large\" alt=\"\" srcset=\"https:\/\/mgf.gi\/es\/wp-content\/uploads\/2023\/07\/time-fill.png 240w, https:\/\/mgf.gi\/es\/wp-content\/uploads\/2023\/07\/time-fill-100x100.png 100w\" sizes=\"auto, (max-width: 240px) 100vw, 240px\" \/>\t\t\t\t\t\t\n\t\t\t\t\t<\/div>\n\t\t\t\t\t\t\t\t\n<style>\n#image_2078047131 {\n  width: 15%;\n}\n@media (min-width:550px) {\n  #image_2078047131 {\n    width: 15%;\n  }\n}\n<\/style>\n\t<\/div>\n\t\n\t<div id=\"text-177731049\" class=\"text\">\n\t\t\n<h3 class=\"alternative\" style=\"color: #997d0c; line-height:1;\">Para clientes nuevos<\/h3>\n<p>Si tiene alguna pregunta sobre nosotros, qui\u00e9nes somos o el proceso de incorporaci\u00f3n, p\u00f3ngase en contacto con nosotros de lunes a viernes:<br \/>\n8am \u2013 8pm<br \/>Central European Time (CET)<\/p>\n<p>Call center: +44 7361587159<\/p>\n\t\t\n<style>\n#text-177731049 {\n  color: rgb(0,0,0);\n}\n#text-177731049 > * {\n  color: rgb(0,0,0);\n}\n<\/style>\n\t<\/div>\n\t\n\t\t<\/div>\n\t\t\t\t\t<\/div>\n\n\t\n\n\t<div id=\"col-266773634\" class=\"col medium-6 small-12 large-6\"  >\n\t\t\t\t<div class=\"col-inner\"  >\n\t\t\t\n\t\t\t\n\t<div class=\"img has-hover x md-x lg-x y md-y lg-y\" id=\"image_412142120\">\n\t\t\t\t\t\t\t\t<div class=\"img-inner dark\" >\n\t\t\t<img loading=\"lazy\" decoding=\"async\" width=\"240\" height=\"240\" src=\"https:\/\/mgf.gi\/es\/wp-content\/uploads\/2023\/07\/mail-open-fill.png\" class=\"attachment-large size-large\" alt=\"\" srcset=\"https:\/\/mgf.gi\/es\/wp-content\/uploads\/2023\/07\/mail-open-fill.png 240w, https:\/\/mgf.gi\/es\/wp-content\/uploads\/2023\/07\/mail-open-fill-100x100.png 100w\" sizes=\"auto, (max-width: 240px) 100vw, 240px\" \/>\t\t\t\t\t\t\n\t\t\t\t\t<\/div>\n\t\t\t\t\t\t\t\t\n<style>\n#image_412142120 {\n  width: 15%;\n}\n@media (min-width:550px) {\n  #image_412142120 {\n    width: 15%;\n  }\n}\n<\/style>\n\t<\/div>\n\t\n\t<div id=\"text-3743840719\" class=\"text\">\n\t\t\n<h3 class=\"alternative\" style=\"color: #997d0c;\">Solo para presentadores de negocio<\/h3>\n<p>introducers@mgf.gi<\/p>\n<h3 class=\"alternative\" style=\"color: #997d0c;\">E-mail y tel\u00e9fono  de la oficina<\/h3>\n<p>info@mgf.gi<\/p>\n<p>Tel\u00e9fono de la oficina: +350 20051188<\/p>\n\t\t\n<style>\n#text-3743840719 {\n  color: rgb(0,0,0);\n}\n#text-3743840719 > * {\n  color: rgb(0,0,0);\n}\n<\/style>\n\t<\/div>\n\t\n\t\t<\/div>\n\t\t\t\t\t<\/div>\n\n\t\n<\/div>\n<div class=\"row\"  id=\"row-2047714633\">\n\n\t<div id=\"col-811856758\" class=\"col medium-6 small-12 large-6\"  >\n\t\t\t\t<div class=\"col-inner\"  >\n\t\t\t\n\t\t\t\n\t<div class=\"img has-hover x md-x lg-x y md-y lg-y\" id=\"image_130350896\">\n\t\t\t\t\t\t\t\t<div class=\"img-inner dark\" >\n\t\t\t<img loading=\"lazy\" decoding=\"async\" width=\"240\" height=\"240\" src=\"https:\/\/mgf.gi\/es\/wp-content\/uploads\/2023\/07\/phone-fill.png\" class=\"attachment-large size-large\" alt=\"\" srcset=\"https:\/\/mgf.gi\/es\/wp-content\/uploads\/2023\/07\/phone-fill.png 240w, https:\/\/mgf.gi\/es\/wp-content\/uploads\/2023\/07\/phone-fill-100x100.png 100w\" sizes=\"auto, (max-width: 240px) 100vw, 240px\" \/>\t\t\t\t\t\t\n\t\t\t\t\t<\/div>\n\t\t\t\t\t\t\t\t\n<style>\n#image_130350896 {\n  width: 15%;\n}\n@media (min-width:550px) {\n  #image_130350896 {\n    width: 15%;\n  }\n}\n<\/style>\n\t<\/div>\n\t\n\t<div id=\"text-600472345\" class=\"text\">\n\t\t\n<h3 class=\"alternative\" style=\"color: #997d0c; line-height:1;\">Clientes actuales<\/h3>\n<p>Los clientes actuales que tengan preguntas o problemas pueden ponerse en contacto con nuestro <b>gestor de relaciones con los clientes<\/b> (CRM) a trav\u00e9s del tel\u00e9fono fijo, el m\u00f3vil o WhatsApp y Email. Llamadas de m\u00f3vil de 10:00 a 16:00 de lunes a viernes o a trav\u00e9s de Whatsapp y correo electr\u00f3nico. Intentamos responder en 24 horas.<\/p>\n<p>M\u00f3vil: +44 7897023651<\/p>\n<p>Escr\u00edbenos por WhatsApp: +350 54090052<\/p>\n<p><b>E-mail: crm@mgf.gi<\/b><\/p>\n\t\t\n<style>\n#text-600472345 {\n  color: rgb(0,0,0);\n}\n#text-600472345 > * {\n  color: rgb(0,0,0);\n}\n<\/style>\n\t<\/div>\n\t\n\t\t<\/div>\n\t\t\t\t\t<\/div>\n\n\t\n\n\t<div id=\"col-777260996\" class=\"col medium-6 small-12 large-6\"  >\n\t\t\t\t<div class=\"col-inner\"  >\n\t\t\t\n\t\t\t\n\t<div class=\"img has-hover x md-x lg-x y md-y lg-y\" id=\"image_538304276\">\n\t\t\t\t\t\t\t\t<div class=\"img-inner dark\" >\n\t\t\t<img loading=\"lazy\" decoding=\"async\" width=\"240\" height=\"240\" src=\"https:\/\/mgf.gi\/es\/wp-content\/uploads\/2023\/07\/map-pin-2-fill-2.png\" class=\"attachment-large size-large\" alt=\"\" srcset=\"https:\/\/mgf.gi\/es\/wp-content\/uploads\/2023\/07\/map-pin-2-fill-2.png 240w, https:\/\/mgf.gi\/es\/wp-content\/uploads\/2023\/07\/map-pin-2-fill-2-100x100.png 100w\" sizes=\"auto, (max-width: 240px) 100vw, 240px\" \/>\t\t\t\t\t\t\n\t\t\t\t\t<\/div>\n\t\t\t\t\t\t\t\t\n<style>\n#image_538304276 {\n  width: 15%;\n}\n@media (min-width:550px) {\n  #image_538304276 {\n    width: 15%;\n  }\n}\n<\/style>\n\t<\/div>\n\t\n\t<div id=\"text-1645661854\" class=\"text\">\n\t\t\n<h3 class=\"alternative\" style=\"color: #997d0c;\">Correos Postales<\/h3>\n<p>177 Main Street,<br \/>Gibraltar,<br \/>GX111AA<\/p>\n\t\t\n<style>\n#text-1645661854 {\n  color: rgb(0,0,0);\n}\n#text-1645661854 > * {\n  color: rgb(0,0,0);\n}\n<\/style>\n\t<\/div>\n\t\n\t<div id=\"text-1357708472\" class=\"text\">\n\t\t\n<h3 class=\"alternative\" style=\"color: #997d0c;\">N\u00famero de Empresa:<\/h3>\n<p>122792<\/p>\n<h3 class=\"alternative\" style=\"color: #997d0c;\">N\u00famero REID:<\/h3>\n<p>GICO.122792-19<\/p>\n<h3 class=\"alternative\" style=\"color: #997d0c;\">TIN:<\/h3>\n<p>715092<\/p>\n\t\t\n<style>\n#text-1357708472 {\n  color: rgb(0,0,0);\n}\n#text-1357708472 > * {\n  color: rgb(0,0,0);\n}\n<\/style>\n\t<\/div>\n\t\n\t\t<\/div>\n\t\t\t\t\t<\/div>\n\n\t\n<\/div>\n\t\t<\/div>\n\t\t\t\t\t<\/div>\n\n\t\n\n\t<div id=\"col-714470829\" class=\"col medium-6 small-12 large-6\"  >\n\t\t\t\t<div class=\"col-inner text-left\"  >\n\t\t\t\n\t\t\t\n\t<div id=\"text-1254651570\" class=\"text\">\n\t\t\n<p class=\"alternative\"><span style=\"font-size: 350%;\">Haznos una pregunta<\/span><\/p>\n\t\t\n<style>\n#text-1254651570 {\n  color: #997d0c;\n}\n#text-1254651570 > * {\n  color: #997d0c;\n}\n<\/style>\n\t<\/div>\n\t\n\n<div class=\"wpcf7 no-js\" id=\"wpcf7-f6-o1\" lang=\"es-MX\" dir=\"ltr\" data-wpcf7-id=\"6\">\n<div class=\"screen-reader-response\"><p role=\"status\" aria-live=\"polite\" aria-atomic=\"true\"><\/p> <ul><\/ul><\/div>\n<form action=\"\/es\/wp-json\/wp\/v2\/pages\/508#wpcf7-f6-o1\" method=\"post\" class=\"wpcf7-form init\" aria-label=\"Formulario de contacto\" novalidate=\"novalidate\" data-status=\"init\">\n<fieldset class=\"hidden-fields-container\"><input type=\"hidden\" name=\"_wpcf7\" value=\"6\" \/><input type=\"hidden\" name=\"_wpcf7_version\" value=\"6.1.5\" \/><input type=\"hidden\" name=\"_wpcf7_locale\" value=\"es_MX\" \/><input type=\"hidden\" name=\"_wpcf7_unit_tag\" value=\"wpcf7-f6-o1\" \/><input type=\"hidden\" name=\"_wpcf7_container_post\" value=\"0\" \/><input type=\"hidden\" name=\"_wpcf7_posted_data_hash\" value=\"\" \/>\n<\/fieldset>\n<p><label> Nombre y Apellidos<br \/>\n<span class=\"wpcf7-form-control-wrap\" data-name=\"your-name\"><input size=\"40\" maxlength=\"400\" class=\"wpcf7-form-control wpcf7-text wpcf7-validates-as-required\" autocomplete=\"name\" aria-required=\"true\" aria-invalid=\"false\" value=\"\" type=\"text\" name=\"your-name\" \/><\/span> <\/label>\n<\/p>\n<p><label> Correo Electr\u00f3nico<br \/>\n<span class=\"wpcf7-form-control-wrap\" data-name=\"your-email\"><input size=\"40\" maxlength=\"400\" class=\"wpcf7-form-control wpcf7-email wpcf7-validates-as-required wpcf7-text wpcf7-validates-as-email\" autocomplete=\"email\" aria-required=\"true\" aria-invalid=\"false\" value=\"\" type=\"email\" name=\"your-email\" \/><\/span> <\/label>\n<\/p>\n<p><label> Asunto<br \/>\n<span class=\"wpcf7-form-control-wrap\" data-name=\"your-subject\"><input size=\"40\" maxlength=\"400\" class=\"wpcf7-form-control wpcf7-text wpcf7-validates-as-required\" aria-required=\"true\" aria-invalid=\"false\" value=\"\" type=\"text\" name=\"your-subject\" \/><\/span> <\/label>\n<\/p>\n<p><label> Mensaje (opcional)<br \/>\n<span class=\"wpcf7-form-control-wrap\" data-name=\"your-message\"><textarea cols=\"40\" rows=\"10\" maxlength=\"2000\" class=\"wpcf7-form-control wpcf7-textarea\" aria-invalid=\"false\" name=\"your-message\"><\/textarea><\/span> <\/label>\n<\/p>\n<p><input class=\"wpcf7-form-control wpcf7-submit has-spinner\" type=\"submit\" value=\"Enviar\" \/>\n<\/p><div class=\"wpcf7-response-output\" aria-hidden=\"true\"><\/div>\n<\/form>\n<\/div>\n\n<div class=\"row align-middle\"  id=\"row-405204352\">\n\n\t<div id=\"col-1646004078\" class=\"col medium-8 small-12 large-8\"  >\n\t\t\t\t<div class=\"col-inner text-center\"  >\n\t\t\t\n\t\t\t\n<h2 class=\"alternative\">\u201cLa historia financiera que comienza en la antig\u00fcedad en Gibraltar, con los Pilares de H\u00e9rcules (Columnae Herculis), \u00a1y Metropolitan la contin\u00faa!\u201d<\/h2>\n\t\t<\/div>\n\t\t\t\t\t<\/div>\n\n\t\n\n\t<div id=\"col-773400141\" class=\"col medium-4 small-12 large-4\"  >\n\t\t\t\t<div class=\"col-inner text-center\"  >\n\t\t\t\n\t\t\t\n\t<div class=\"img has-hover x md-x lg-x y md-y lg-y\" id=\"image_1924745591\">\n\t\t\t\t\t\t\t\t<div class=\"img-inner dark\" >\n\t\t\t<img loading=\"lazy\" decoding=\"async\" width=\"512\" height=\"512\" src=\"https:\/\/mgf.gi\/es\/wp-content\/uploads\/2025\/01\/contact-symbol.png\" class=\"attachment-original size-original\" alt=\"\" srcset=\"https:\/\/mgf.gi\/es\/wp-content\/uploads\/2025\/01\/contact-symbol.png 512w, https:\/\/mgf.gi\/es\/wp-content\/uploads\/2025\/01\/contact-symbol-400x400.png 400w, https:\/\/mgf.gi\/es\/wp-content\/uploads\/2025\/01\/contact-symbol-280x280.png 280w\" sizes=\"auto, (max-width: 512px) 100vw, 512px\" \/>\t\t\t\t\t\t\n\t\t\t\t\t<\/div>\n\t\t\t\t\t\t\t\t\n<style>\n#image_1924745591 {\n  width: 100%;\n}\n<\/style>\n\t<\/div>\n\t\n\t\t<\/div>\n\t\t\t\t\t<\/div>\n\n\t\n<\/div>\n\t\t<\/div>\n\t\t\t\t\t<\/div>\n\n\t\n\n<style>\n#row-904941651 > .col > .col-inner {\n  padding: 2em 0px 2em 0px;\n}\n<\/style>\n<\/div>\n<div class=\"row row-collapse row-full-width\"  id=\"row-563166426\">\n\n\t<div id=\"col-621142371\" class=\"col small-12 large-12\"  >\n\t\t\t\t<div class=\"col-inner\"  >\n\t\t\t\n\t\t\t\n\n\t<script type=\"text\/javascript\">\n  jQuery( document ).ready(function() {\n    function initialize() {\n        var styles = {\n            'flatsome':  [{\n            \"featureType\": \"administrative\",\n            \"stylers\": [\n              { \"visibility\": \"on\" }\n            ]\n          },\n          {\n            \"featureType\": \"road\",\n            \"stylers\": [\n              { \"visibility\": \"on\" },\n              { \"hue\": \"#bd9b08\" }\n            ]\n          },\n          {\n            \"stylers\": [\n\t\t\t  { \"visibility\": \"on\" },\n\t\t\t  { \"hue\": \"#bd9b08\" },\n\t\t\t  { \"saturation\": -64 }\n            ]\n          }\n        ]};\n\n        var myLatlng = new google.maps.LatLng(36.1409701, -5.3560728);\n        var myOptions = {\n            zoom: 17,\n            center: myLatlng,\n            mapTypeId: google.maps.MapTypeId.ROADMAP,\n            disableDefaultUI: true,\n            mapTypeId: 'flatsome',\n            draggable: true,\n            zoomControl: false,\n            zoomControlOptions: {\n              position: google.maps.ControlPosition.TOP_LEFT\n            },\n      \t\t\tmapTypeControl: false,\n            mapTypeControlOptions: {\n              position: google.maps.ControlPosition.TOP_LEFT\n            },\n      \t\t\tstreetViewControl: false,\n            streetViewControlOptions: {\n              position: google.maps.ControlPosition.TOP_LEFT\n            },\n            scrollwheel: false,\n            disableDoubleClickZoom: true\n        }\n        var map = new google.maps.Map(document.getElementById(\"map-23362494-inner\"), myOptions);\n        var styledMapType = new google.maps.StyledMapType(styles['flatsome'], {name: 'flatsome'});\n        map.mapTypes.set('flatsome', styledMapType);\n\n        var marker = new google.maps.Marker({\n            position: myLatlng,\n            map: map,\n            title:\"\"\n        });\n    }\n\n    \/\/ Required to proceed\n    if (!(typeof google === 'object' && typeof google.maps === 'object')) {\n      return\n    }\n\n    initialize()\n    google.maps.event.addDomListener(window, 'resize', initialize);\n    });\n    <\/script>\n\n    <div class=\"google-map relative mb\" id=\"map-23362494\">\n        <div class=\"map-height\" id=\"map-23362494-inner\"><\/div>\n        <div id=\"map_overlay_top\"><\/div>\n        <div id=\"map_overlay_bottom\"><\/div>\n         \n       \n<style>\n#map-23362494 .map-inner {\n  background-color: rgba(189, 155, 8, 0.97);\n  max-width: 100%;\n}\n#map-23362494 .map-height {\n  height: 300px;\n}\n@media (min-width:550px) {\n  #map-23362494 .map-inner {\n    max-width: 40%;\n  }\n  #map-23362494 .map-height {\n    height: 600px;\n  }\n}\n@media (min-width:850px) {\n  #map-23362494 .map-inner {\n    max-width: 0%;\n  }\n}\n<\/style>\n    <\/div>\n\n\t\n\t\t<\/div>\n\t\t\t\t\n<style>\n#col-621142371 > .col-inner {\n  padding: 0px 30px 0px 30px;\n}\n<\/style>\n\t<\/div>\n\n\t\n<\/div>\n","protected":false},"excerpt":{"rendered":"","protected":false},"author":1,"featured_media":330,"parent":0,"menu_order":0,"comment_status":"closed","ping_status":"closed","template":"page-transparent-header-light.php","meta":{"footnotes":""},"class_list":["post-508","page","type-page","status-publish","has-post-thumbnail","hentry"],"yoast_head":"<!-- This site is optimized with the Yoast SEO plugin v27.5 - https:\/\/yoast.com\/product\/yoast-seo-wordpress\/ -->\n<title>Contacto - one of the top financial institutions<\/title>\n<meta name=\"description\" content=\"We are one of the top financial institutions in Gibraltar, recognized as an innovative and fast-growing payment institution, customer-oriented\" \/>\n<meta name=\"robots\" content=\"index, follow, max-snippet:-1, max-image-preview:large, max-video-preview:-1\" \/>\n<link rel=\"canonical\" href=\"https:\/\/mgf.gi\/es\/contacto\/\" \/>\n<meta property=\"og:locale\" content=\"es_ES\" \/>\n<meta property=\"og:type\" content=\"article\" \/>\n<meta property=\"og:title\" content=\"Contacto - one of the top financial institutions\" \/>\n<meta property=\"og:description\" content=\"We are one of the top financial institutions in Gibraltar, recognized as an innovative and fast-growing payment institution, customer-oriented\" \/>\n<meta property=\"og:url\" content=\"https:\/\/mgf.gi\/es\/contacto\/\" \/>\n<meta property=\"og:site_name\" content=\"Metropolitan Global Finance\" \/>\n<meta property=\"article:modified_time\" content=\"2025-08-12T10:36:56+00:00\" \/>\n<meta property=\"og:image\" content=\"https:\/\/mgf.gi\/es\/wp-content\/uploads\/2023\/06\/shutterstock_579230023-scaled.jpg\" \/>\n\t<meta property=\"og:image:width\" content=\"2560\" \/>\n\t<meta property=\"og:image:height\" content=\"1709\" \/>\n\t<meta property=\"og:image:type\" content=\"image\/jpeg\" \/>\n<meta name=\"twitter:card\" content=\"summary_large_image\" \/>\n<script type=\"application\/ld+json\" class=\"yoast-schema-graph\">{\"@context\":\"https:\\\/\\\/schema.org\",\"@graph\":[{\"@type\":\"WebPage\",\"@id\":\"https:\\\/\\\/mgf.gi\\\/es\\\/contacto\\\/\",\"url\":\"https:\\\/\\\/mgf.gi\\\/es\\\/contacto\\\/\",\"name\":\"Contacto - one of the top financial institutions\",\"isPartOf\":{\"@id\":\"https:\\\/\\\/mgf.gi\\\/es\\\/#website\"},\"primaryImageOfPage\":{\"@id\":\"https:\\\/\\\/mgf.gi\\\/es\\\/contacto\\\/#primaryimage\"},\"image\":{\"@id\":\"https:\\\/\\\/mgf.gi\\\/es\\\/contacto\\\/#primaryimage\"},\"thumbnailUrl\":\"https:\\\/\\\/mgf.gi\\\/es\\\/wp-content\\\/uploads\\\/2023\\\/06\\\/shutterstock_579230023-scaled.jpg\",\"datePublished\":\"2023-07-04T23:41:34+00:00\",\"dateModified\":\"2025-08-12T10:36:56+00:00\",\"description\":\"We are one of the top financial institutions in Gibraltar, recognized as an innovative and fast-growing payment institution, customer-oriented\",\"breadcrumb\":{\"@id\":\"https:\\\/\\\/mgf.gi\\\/es\\\/contacto\\\/#breadcrumb\"},\"inLanguage\":\"es\",\"potentialAction\":[{\"@type\":\"ReadAction\",\"target\":[\"https:\\\/\\\/mgf.gi\\\/es\\\/contacto\\\/\"]}]},{\"@type\":\"ImageObject\",\"inLanguage\":\"es\",\"@id\":\"https:\\\/\\\/mgf.gi\\\/es\\\/contacto\\\/#primaryimage\",\"url\":\"https:\\\/\\\/mgf.gi\\\/es\\\/wp-content\\\/uploads\\\/2023\\\/06\\\/shutterstock_579230023-scaled.jpg\",\"contentUrl\":\"https:\\\/\\\/mgf.gi\\\/es\\\/wp-content\\\/uploads\\\/2023\\\/06\\\/shutterstock_579230023-scaled.jpg\",\"width\":2560,\"height\":1709},{\"@type\":\"BreadcrumbList\",\"@id\":\"https:\\\/\\\/mgf.gi\\\/es\\\/contacto\\\/#breadcrumb\",\"itemListElement\":[{\"@type\":\"ListItem\",\"position\":1,\"name\":\"Inicio\",\"item\":\"https:\\\/\\\/mgf.gi\\\/es\\\/\"},{\"@type\":\"ListItem\",\"position\":2,\"name\":\"Contacto\"}]},{\"@type\":\"WebSite\",\"@id\":\"https:\\\/\\\/mgf.gi\\\/es\\\/#website\",\"url\":\"https:\\\/\\\/mgf.gi\\\/es\\\/\",\"name\":\"Metropolitan Global Finance\",\"description\":\"Financial services\",\"publisher\":{\"@id\":\"https:\\\/\\\/mgf.gi\\\/es\\\/#organization\"},\"alternateName\":\"MGF\",\"potentialAction\":[{\"@type\":\"SearchAction\",\"target\":{\"@type\":\"EntryPoint\",\"urlTemplate\":\"https:\\\/\\\/mgf.gi\\\/es\\\/?s={search_term_string}\"},\"query-input\":{\"@type\":\"PropertyValueSpecification\",\"valueRequired\":true,\"valueName\":\"search_term_string\"}}],\"inLanguage\":\"es\"},{\"@type\":\"Organization\",\"@id\":\"https:\\\/\\\/mgf.gi\\\/es\\\/#organization\",\"name\":\"Metropolitan Global Limited\",\"alternateName\":\"MGF\",\"url\":\"https:\\\/\\\/mgf.gi\\\/es\\\/\",\"logo\":{\"@type\":\"ImageObject\",\"inLanguage\":\"es\",\"@id\":\"https:\\\/\\\/mgf.gi\\\/es\\\/#\\\/schema\\\/logo\\\/image\\\/\",\"url\":\"https:\\\/\\\/mgf.gi\\\/wp-content\\\/uploads\\\/2023\\\/08\\\/Metropolitan-Global-Limited-Gibraltar-MGF.jpg\",\"contentUrl\":\"https:\\\/\\\/mgf.gi\\\/wp-content\\\/uploads\\\/2023\\\/08\\\/Metropolitan-Global-Limited-Gibraltar-MGF.jpg\",\"width\":1200,\"height\":628,\"caption\":\"Metropolitan Global Limited\"},\"image\":{\"@id\":\"https:\\\/\\\/mgf.gi\\\/es\\\/#\\\/schema\\\/logo\\\/image\\\/\"}}]}<\/script>\n<!-- \/ Yoast SEO plugin. -->","yoast_head_json":{"title":"Contacto - one of the top financial institutions","description":"We are one of the top financial institutions in Gibraltar, recognized as an innovative and fast-growing payment institution, customer-oriented","robots":{"index":"index","follow":"follow","max-snippet":"max-snippet:-1","max-image-preview":"max-image-preview:large","max-video-preview":"max-video-preview:-1"},"canonical":"https:\/\/mgf.gi\/es\/contacto\/","og_locale":"es_ES","og_type":"article","og_title":"Contacto - one of the top financial institutions","og_description":"We are one of the top financial institutions in Gibraltar, recognized as an innovative and fast-growing payment institution, customer-oriented","og_url":"https:\/\/mgf.gi\/es\/contacto\/","og_site_name":"Metropolitan Global Finance","article_modified_time":"2025-08-12T10:36:56+00:00","og_image":[{"width":2560,"height":1709,"url":"https:\/\/mgf.gi\/es\/wp-content\/uploads\/2023\/06\/shutterstock_579230023-scaled.jpg","type":"image\/jpeg"}],"twitter_card":"summary_large_image","schema":{"@context":"https:\/\/schema.org","@graph":[{"@type":"WebPage","@id":"https:\/\/mgf.gi\/es\/contacto\/","url":"https:\/\/mgf.gi\/es\/contacto\/","name":"Contacto - one of the top financial institutions","isPartOf":{"@id":"https:\/\/mgf.gi\/es\/#website"},"primaryImageOfPage":{"@id":"https:\/\/mgf.gi\/es\/contacto\/#primaryimage"},"image":{"@id":"https:\/\/mgf.gi\/es\/contacto\/#primaryimage"},"thumbnailUrl":"https:\/\/mgf.gi\/es\/wp-content\/uploads\/2023\/06\/shutterstock_579230023-scaled.jpg","datePublished":"2023-07-04T23:41:34+00:00","dateModified":"2025-08-12T10:36:56+00:00","description":"We are one of the top financial institutions in Gibraltar, recognized as an innovative and fast-growing payment institution, customer-oriented","breadcrumb":{"@id":"https:\/\/mgf.gi\/es\/contacto\/#breadcrumb"},"inLanguage":"es","potentialAction":[{"@type":"ReadAction","target":["https:\/\/mgf.gi\/es\/contacto\/"]}]},{"@type":"ImageObject","inLanguage":"es","@id":"https:\/\/mgf.gi\/es\/contacto\/#primaryimage","url":"https:\/\/mgf.gi\/es\/wp-content\/uploads\/2023\/06\/shutterstock_579230023-scaled.jpg","contentUrl":"https:\/\/mgf.gi\/es\/wp-content\/uploads\/2023\/06\/shutterstock_579230023-scaled.jpg","width":2560,"height":1709},{"@type":"BreadcrumbList","@id":"https:\/\/mgf.gi\/es\/contacto\/#breadcrumb","itemListElement":[{"@type":"ListItem","position":1,"name":"Inicio","item":"https:\/\/mgf.gi\/es\/"},{"@type":"ListItem","position":2,"name":"Contacto"}]},{"@type":"WebSite","@id":"https:\/\/mgf.gi\/es\/#website","url":"https:\/\/mgf.gi\/es\/","name":"Metropolitan Global Finance","description":"Financial services","publisher":{"@id":"https:\/\/mgf.gi\/es\/#organization"},"alternateName":"MGF","potentialAction":[{"@type":"SearchAction","target":{"@type":"EntryPoint","urlTemplate":"https:\/\/mgf.gi\/es\/?s={search_term_string}"},"query-input":{"@type":"PropertyValueSpecification","valueRequired":true,"valueName":"search_term_string"}}],"inLanguage":"es"},{"@type":"Organization","@id":"https:\/\/mgf.gi\/es\/#organization","name":"Metropolitan Global Limited","alternateName":"MGF","url":"https:\/\/mgf.gi\/es\/","logo":{"@type":"ImageObject","inLanguage":"es","@id":"https:\/\/mgf.gi\/es\/#\/schema\/logo\/image\/","url":"https:\/\/mgf.gi\/wp-content\/uploads\/2023\/08\/Metropolitan-Global-Limited-Gibraltar-MGF.jpg","contentUrl":"https:\/\/mgf.gi\/wp-content\/uploads\/2023\/08\/Metropolitan-Global-Limited-Gibraltar-MGF.jpg","width":1200,"height":628,"caption":"Metropolitan Global Limited"},"image":{"@id":"https:\/\/mgf.gi\/es\/#\/schema\/logo\/image\/"}}]}},"_links":{"self":[{"href":"https:\/\/mgf.gi\/es\/wp-json\/wp\/v2\/pages\/508","targetHints":{"allow":["GET"]}}],"collection":[{"href":"https:\/\/mgf.gi\/es\/wp-json\/wp\/v2\/pages"}],"about":[{"href":"https:\/\/mgf.gi\/es\/wp-json\/wp\/v2\/types\/page"}],"author":[{"embeddable":true,"href":"https:\/\/mgf.gi\/es\/wp-json\/wp\/v2\/users\/1"}],"replies":[{"embeddable":true,"href":"https:\/\/mgf.gi\/es\/wp-json\/wp\/v2\/comments?post=508"}],"version-history":[{"count":47,"href":"https:\/\/mgf.gi\/es\/wp-json\/wp\/v2\/pages\/508\/revisions"}],"predecessor-version":[{"id":1870,"href":"https:\/\/mgf.gi\/es\/wp-json\/wp\/v2\/pages\/508\/revisions\/1870"}],"wp:featuredmedia":[{"embeddable":true,"href":"https:\/\/mgf.gi\/es\/wp-json\/wp\/v2\/media\/330"}],"wp:attachment":[{"href":"https:\/\/mgf.gi\/es\/wp-json\/wp\/v2\/media?parent=508"}],"curies":[{"name":"wp","href":"https:\/\/api.w.org\/{rel}","templated":true}]}}