{"id":1751,"date":"2025-01-27T08:46:51","date_gmt":"2025-01-27T14:46:51","guid":{"rendered":"https:\/\/mgf.gi\/es\/?page_id=1751"},"modified":"2025-01-27T08:49:59","modified_gmt":"2025-01-27T14:49:59","slug":"politica-de-cookies-2","status":"publish","type":"page","link":"https:\/\/mgf.gi\/es\/politica-de-cookies-2\/","title":{"rendered":"Pol\u00edtica de cookies"},"content":{"rendered":"<p><span style=\"font-family: Aptos, serif;\">Esta pol\u00edtica explica c\u00f3mo la Compa\u00f1\u00eda utiliza cookies en este sitio web. La pol\u00edtica puede ser enmendada de vez en cuando. Cuando lo hagamos, le informaremos por medios apropiados, como publicando la pol\u00edtica revisada en esta p\u00e1gina con una nueva fecha de \u00ab\u00daltima Actualizaci\u00f3n\u00bb. Las cookies que capturamos son Necesarias, Estad\u00edsticas y de Orientaci\u00f3n. Por defecto, solo utilizaremos cookies Necesarias. Puede gestionar sus preferencias con respecto al uso de cookies en nuestro sitio web haciendo clic en el pop-up de la p\u00e1gina de inicio. <\/span><\/p>\n<ol>\n<li><span style=\"font-family: Aptos, serif;\"><b>\u00bfQu\u00e9 son las Cookies? <\/b><\/span><\/li>\n<\/ol>\n<p><span style=\"font-family: Aptos, serif;\">Una cookie es una cadena de texto que un sitio web transfiere al archivo de cookies del navegador en el disco duro de su computadora para que el sitio web pueda reconocerlo cuando vuelva a visitarlo y recordar cierta informaci\u00f3n sobre usted. Esto puede incluir qu\u00e9 p\u00e1ginas ha visitado, las opciones que ha seleccionado en los men\u00fas, cualquier informaci\u00f3n espec\u00edfica que haya ingresado en los formularios y la hora y fecha de su visita. <\/span><\/p>\n<ol start=\"2\">\n<li><span style=\"font-family: Aptos, serif;\"><b>Tipos de Cookies <\/b><\/span><\/li>\n<\/ol>\n<p><span style=\"font-family: Aptos, serif;\">En t\u00e9rminos generales, hay dos tipos principales de cookies: <\/span><\/p>\n<p>\u2022 <span style=\"font-family: Aptos, serif;\">Cookies de sesi\u00f3n: estas son cookies temporales que expiran al final de una sesi\u00f3n del navegador; es decir, cuando abandona el sitio. Las cookies de sesi\u00f3n permiten que el sitio web lo reconozca mientras navega entre p\u00e1ginas durante una sola sesi\u00f3n del navegador y le permiten usar el sitio web de la manera m\u00e1s eficiente. Por ejemplo, las cookies de sesi\u00f3n permiten que un sitio web recuerde que un usuario ha colocado art\u00edculos en una cesta de compras en l\u00ednea. <\/span><\/p>\n<p>\u2022 <span style=\"font-family: Aptos, serif;\">Cookies persistentes: en contraste con las cookies de sesi\u00f3n, las cookies persistentes se almacenan en su equipo entre sesiones de navegaci\u00f3n hasta que expiran o se eliminan. Por lo tanto, permiten que el sitio web lo \u00abreconozca\u00bb cuando regrese, recuerde sus preferencias y adapte los servicios a usted. Adem\u00e1s de las cookies de sesi\u00f3n y las cookies persistentes, puede haber otras cookies que son establecidas por el sitio web que ha elegido visitar, como este sitio web, para proporcionarnos a nosotros o a terceros informaci\u00f3n. <\/span><\/p>\n<ol start=\"3\">\n<li><span style=\"font-family: Aptos, serif;\"><b>Nuestro uso de Cookies <\/b><\/span><\/li>\n<\/ol>\n<p><span style=\"font-family: Aptos, serif;\">Actualmente utilizamos los siguientes tipos de cookies en este sitio web<\/span><span style=\"font-family: Aptos, serif;\"><span lang=\"en-GB\">.<\/span><\/span><\/p>\n<table border=\"1\" width=\"633\" cellspacing=\"0\" cellpadding=\"7\">\n<tbody>\n<tr valign=\"TOP\">\n<td width=\"117\"><span style=\"color: #000000;\"><span style=\"font-size: small;\"><span style=\"font-family: Aptos, serif;\"><span lang=\"ru-RU\"><b>Cookie<\/b><\/span><\/span><\/span><\/span><\/td>\n<td width=\"136\"><span style=\"color: #000000;\"><span style=\"font-size: small;\"><span style=\"font-family: Aptos, serif;\"><span lang=\"ru-RU\"><b>Tipo de cookie<\/b><\/span><\/span><\/span><\/span><\/td>\n<td width=\"121\"><span style=\"color: #000000;\"><span style=\"font-size: small;\"><span style=\"font-family: Aptos, serif;\"><span lang=\"ru-RU\"><b>Categor\u00eda<\/b><\/span><\/span><\/span><\/span><\/td>\n<td width=\"200\"><span style=\"color: #000000;\"><span style=\"font-size: small;\"><span style=\"font-family: Aptos, serif;\"><span lang=\"ru-RU\"><b>Prop\u00f3sito<\/b><\/span><\/span><\/span><\/span><\/td>\n<\/tr>\n<tr valign=\"TOP\">\n<td width=\"117\"><span style=\"color: #000000;\"><span style=\"font-size: small;\"><span style=\"font-family: Aptos, serif;\"><span lang=\"ru-RU\">[Nombre]<\/span><\/span><\/span><\/span><\/td>\n<td width=\"136\"><span style=\"color: #000000;\"><span style=\"font-size: small;\"><span style=\"font-family: Aptos, serif;\"><span lang=\"ru-RU\">Cookie de sesi\u00f3n<\/span><\/span><\/span><\/span><\/td>\n<td width=\"121\"><span style=\"color: #000000;\"><span style=\"font-size: small;\"><span style=\"font-family: Aptos, serif;\"><span lang=\"ru-RU\">Necesaria<\/span><\/span><\/span><\/span><\/td>\n<td width=\"200\"><span style=\"color: #000000;\"><span style=\"font-size: small;\"><span style=\"font-family: Aptos, serif;\"><span lang=\"ru-RU\">Nos ayuda a mantener la seguridad y verificar sus datos mientras usa el sitio web a medida que navega de una p\u00e1gina a otra, lo que le permite evitar tener que volver a ingresar sus datos cada vez que ingresa a una nueva p\u00e1gina<\/span><\/span><\/span><\/span><\/td>\n<\/tr>\n<tr valign=\"TOP\">\n<td width=\"117\"><span style=\"color: #000000;\"><span style=\"font-size: small;\"><span style=\"font-family: Aptos, serif;\"><span lang=\"ru-RU\">Google Analytics<\/span><\/span><\/span><\/span><\/td>\n<td width=\"136\"><span style=\"color: #000000;\"><span style=\"font-size: small;\"><span style=\"font-family: Aptos, serif;\"><span lang=\"ru-RU\">Persistente\/Sesi\u00f3n<\/span><\/span><\/span><\/span><\/td>\n<td width=\"121\"><span style=\"color: #000000;\"><span style=\"font-size: small;\"><span style=\"font-family: Aptos, serif;\"><span lang=\"ru-RU\">Estad\u00edstica<\/span><\/span><\/span><\/span><\/td>\n<td width=\"200\"><span style=\"color: #000000;\"><span style=\"font-family: Aptos, serif;\"><span style=\"font-size: small;\"><span lang=\"ru-RU\">Utilizamos Google Analytics para ayudar a recopilar y compilar informaci\u00f3n como el n\u00famero de visitantes al sitio, de d\u00f3nde provienen los visitantes y las p\u00e1ginas que visitaron. Visite el sitio de Google para obtener <a href=\"https:\/\/mgf.gi\/es\/aviso-de-privacidad\/\">una visi\u00f3n general de la privacidad en Google<\/a> y la informaci\u00f3n sobre c\u00f3mo optar por <a href=\"https:\/\/support.google.com\/analytics\/answer\/181881?hl=en-GB\">no participar en la cookie de Google Analytics.<\/a><\/span><\/span><\/span><\/span><\/td>\n<\/tr>\n<tr valign=\"TOP\">\n<td width=\"117\"><span style=\"color: #000000;\"><span style=\"font-size: small;\"><span style=\"font-family: Aptos, serif;\"><span lang=\"ru-RU\">Google AdSense<\/span><\/span><\/span><\/span><\/td>\n<td width=\"136\">\n<p align=\"CENTER\"><span style=\"color: #000000;\"><span style=\"font-size: small;\"><span style=\"font-family: Aptos, serif;\"><span lang=\"ru-RU\">Persistente\/Sesi\u00f3n<\/span><\/span><\/span><\/span><\/p>\n<\/td>\n<td width=\"121\"><span style=\"color: #000000;\"><span style=\"font-size: small;\"><span style=\"font-family: Aptos, serif;\"><span lang=\"ru-RU\">Estad\u00edstica<\/span><\/span><\/span><\/span><\/td>\n<td width=\"200\"><span style=\"color: #000000;\"><span style=\"font-family: Aptos, serif;\"><span style=\"font-size: small;\"><span lang=\"ru-RU\">Para determinar sus intereses, Google rastrear\u00e1 su comportamiento en nuestro sitio web y en otros sitios web en toda la web utilizando cookies. Este seguimiento de comportamiento permite a Google adaptar los anuncios que ve en otros sitios web para reflejar sus intereses. Puede ver, eliminar o agregar categor\u00edas de intereses asociadas con su navegador visitando: <a href=\"https:\/\/myadcenter.google.com\/home?sasb=true&amp;ref=ad-settings\">https:\/\/adssettings.google.com<\/a>.<\/span><\/span><\/span><\/span><\/td>\n<\/tr>\n<\/tbody>\n<\/table>\n<ol start=\"4\">\n<li><b>Rechazo de Cookies en este Sitio <\/b><\/li>\n<\/ol>\n<p>La mayor\u00eda de los navegadores est\u00e1n configurados inicialmente para aceptar cookies. Sin embargo, tiene la capacidad de deshabilitar las cookies si lo desea, generalmente cambiando la configuraci\u00f3n de navegaci\u00f3n de su software de Internet. Tambi\u00e9n puede ser posible configurar la configuraci\u00f3n de su navegador para habilitar la aceptaci\u00f3n de cookies espec\u00edficas o para notificarle cada vez que una nueva cookie est\u00e9 a punto de almacenarse en su computadora, lo que le permite decidir si acepta o rechaza la cookie. Para gestionar el 3 uso de cookies, hay varios recursos disponibles para usted, por ejemplo, la secci\u00f3n \u00abAyuda\u00bb en su navegador puede ayudarle. Tambi\u00e9n puede deshabilitar o eliminar los datos almacenados utilizados por tecnolog\u00edas similares a las cookies, como los Objetos Compartidos Locales o las cookies de Flash, gestionando la configuraci\u00f3n de \u00abcomplementos\u00bb de su navegador o visitando el sitio web de su fabricante. Como nuestras cookies le permiten acceder a algunas de las funciones de nuestro sitio web, le recomendamos que deje las cookies habilitadas. De lo contrario, si las cookies est\u00e1n deshabilitadas, puede significar que experimentar\u00e1 una funcionalidad reducida o no podr\u00e1 acceder a ciertas partes de este sitio web.<\/p>\n<p>5. <b>Cookies utilizadas por nuestros proveedores de servicios<\/b><\/p>\n<p>5.1 Nuestros proveedores de servicios utilizan cookies y esas cookies pueden almacenarse en su computadora cuando visita nuestro sitio web.<\/p>\n<p><span lang=\"en-GB\">6. Gesti\u00f3n de cookies<\/span><\/p>\n<p><span lang=\"en-GB\">6.1 La mayor\u00eda de los navegadores le permiten rechazar aceptar cookies y eliminar cookies. <\/span><\/p>\n<p><span lang=\"en-GB\">Los m\u00e9todos para hacerlo var\u00edan de un navegador a otro y de una versi\u00f3n a otra. Sin <\/span><\/p>\n<p><span lang=\"en-GB\">embargo, puede obtener informaci\u00f3n actualizada sobre el bloqueo y la eliminaci\u00f3n de <\/span><\/p>\n<p><span lang=\"en-GB\">cookies a trav\u00e9s de estos enlaces: <\/span><\/p>\n<p><span lang=\"en-GB\">(a) <a href=\"https:\/\/support.google.com\/chrome\/answer\/95647?hl=en\">https:\/\/support.google.com\/chrome\/answer\/95647?hl=en<\/a> (Chrome);<\/span><\/p>\n<p><span lang=\"en-GB\">(b) <a href=\"https:\/\/support.mozilla.org\/en-US\/kb\/enhanced-tracking-protection-firefox-desktop?redirectslug=enable-and-disable-cookies-website-preferences&amp;redirectlocale=en-US\">https:\/\/support.mozilla.org\/en-US\/kb\/enable-and-disable-cookies-website-preferences<\/a><\/span><\/p>\n<p><span lang=\"en-GB\">(Firefox);<\/span><\/p>\n<p><span lang=\"en-GB\">(c) <a href=\"https:\/\/help.opera.com\/en\/latest\/web-preferences\/\">http:\/\/www.opera.com\/help\/tutorials\/security\/cookies\/<\/a> (Opera);<\/span><\/p>\n<p><span lang=\"en-GB\">(d) <a href=\"https:\/\/support.microsoft.com\/en-gb\/windows\/manage-cookies-in-microsoft-edge-view-allow-block-delete-and-use-168dab11-0753-043d-7c16-ede5947fc64d\">https:\/\/support.microsoft.com\/en-gb\/help\/17442\/windows-internet-explorer-deletemanage-cookies<\/a> (Internet Explorer);<\/span><\/p>\n<p><span lang=\"en-GB\">(e) <a href=\"https:\/\/support.apple.com\/kb\/PH21411?locale=en_GB\">https:\/\/support.apple.com\/kb\/PH21411<\/a> (Safari); and<\/span><\/p>\n<p><span lang=\"en-GB\">(f) <a href=\"https:\/\/support.microsoft.com\/en-gb\/microsoft-edge\/microsoft-edge-browsing-data-and-privacy-bb8174ba-9d73-dcf2-9b4a-c582b4e640dd\">https:\/\/privacy.microsoft.com\/en-us\/windows-10-microsoft-edge-and-<\/a>privacy (Edge).<\/span><\/p>\n<p><span lang=\"en-GB\">7. Nuestros detalles<\/span><\/p>\n<p><span lang=\"en-GB\">7.1 Este sitio web es propiedad y est\u00e1 operado por la Compa\u00f1\u00eda. <\/span><\/p>\n<p><span lang=\"en-GB\">7.2 Direcci\u00f3n de la Oficina Registrada: 2 Irish Town, Gibraltar GX11 1AA <\/span><\/p>\n<p><span lang=\"en-GB\">7.3 Nuestro lugar principal de negocios es el mencionado anteriormente. <\/span><\/p>\n<p><span lang=\"en-GB\">7.4 Puede contactarnos: <\/span><\/p>\n<p><span lang=\"en-GB\">(a) por correo, a la direcci\u00f3n postal indicada anteriormente; <\/span><\/p>\n<p><span lang=\"en-GB\">(b) utilizando nuestro formulario de contacto en el sitio web; <\/span><\/p>\n<p><span lang=\"en-GB\">(c) por tel\u00e9fono, en el n\u00famero de contacto publicado en nuestro sitio web de vez en cuando; <\/span><\/p>\n<p><span lang=\"en-GB\">o <\/span><\/p>\n<p><span lang=\"en-GB\">(d) por correo electr\u00f3nico, utilizando la direcci\u00f3n de correo electr\u00f3nico publicada en <\/span><\/p>\n<p><span lang=\"en-GB\">nuestro sitio web de vez en cuando.<\/span><\/p>\n<p>8. Oficial de protecci\u00f3n de datos 8.1 Los datos de contacto de nuestro oficial de protecci\u00f3n de datos son: <a href=\"mailto:info@mgf.gi\">info@mgf.gi<\/a><\/p>\n<p>En caso de cualquier discrepancia, contradicci\u00f3n o inconsistencia entre las versiones de este documento o pol\u00edtica traducidas a otros idiomas y la versi\u00f3n original en ingl\u00e9s, prevalecer\u00e1 la versi\u00f3n en ingl\u00e9s. La versi\u00f3n en ingl\u00e9s ser\u00e1 la versi\u00f3n definitiva y vinculante para interpretar los t\u00e9rminos, obligaciones y condiciones establecidos en este documento. Cualquier versi\u00f3n traducida se proporciona \u00fanicamente con fines informativos y de conveniencia, y aunque se han realizado esfuerzos para garantizar su precisi\u00f3n, no tiene la misma autoridad legal que la versi\u00f3n en ingl\u00e9s.<\/p>\n<a href=\"https:\/\/mgf.gi\/es\/wp-content\/uploads\/2024\/12\/cookies_es-2024-12-10.pdf\" target=\"_blank\" class=\"button primary is-primary is-medium\" rel=\"noopener\" >\n\t\t<span>Descargar PDF<\/span>\n\t<\/a>\n\n","protected":false},"excerpt":{"rendered":"<p>Esta pol\u00edtica explica c\u00f3mo la Compa\u00f1\u00eda utiliza cookies en este sitio web. La pol\u00edtica puede ser enmendada de vez en cuando. Cuando lo hagamos, le informaremos por medios apropiados, como publicando la pol\u00edtica revisada en esta p\u00e1gina con una nueva fecha de \u00ab\u00daltima Actualizaci\u00f3n\u00bb. Las cookies que capturamos son Necesarias, Estad\u00edsticas y de Orientaci\u00f3n. Por [&#8230;]\n","protected":false},"author":2,"featured_media":0,"parent":0,"menu_order":0,"comment_status":"closed","ping_status":"closed","template":"page-blank-title-center.php","meta":{"footnotes":""},"class_list":["post-1751","page","type-page","status-publish","hentry"],"yoast_head":"<!-- This site is optimized with the Yoast SEO plugin v27.5 - https:\/\/yoast.com\/product\/yoast-seo-wordpress\/ -->\n<title>Pol\u00edtica de cookies - one of the top financial institutions<\/title>\n<meta name=\"description\" content=\"We are one of the top financial institutions in Gibraltar, recognized as an innovative and fast-growing payment institution, customer-oriented\" \/>\n<meta name=\"robots\" content=\"index, follow, max-snippet:-1, max-image-preview:large, max-video-preview:-1\" \/>\n<link rel=\"canonical\" href=\"https:\/\/mgf.gi\/es\/politica-de-cookies-2\/\" \/>\n<meta property=\"og:locale\" content=\"es_ES\" \/>\n<meta property=\"og:type\" content=\"article\" \/>\n<meta property=\"og:title\" content=\"Pol\u00edtica de cookies - one of the top financial institutions\" \/>\n<meta property=\"og:description\" content=\"We are one of the top financial institutions in Gibraltar, recognized as an innovative and fast-growing payment institution, customer-oriented\" \/>\n<meta property=\"og:url\" content=\"https:\/\/mgf.gi\/es\/politica-de-cookies-2\/\" \/>\n<meta property=\"og:site_name\" content=\"Metropolitan Global Finance\" \/>\n<meta property=\"article:modified_time\" content=\"2025-01-27T14:49:59+00:00\" \/>\n<meta property=\"og:image\" content=\"https:\/\/mgf.gi\/es\/wp-content\/uploads\/2023\/08\/Metropolitan-Global-Limited-Gibraltar-MGF.jpg\" \/>\n\t<meta property=\"og:image:width\" content=\"1200\" \/>\n\t<meta property=\"og:image:height\" content=\"628\" \/>\n\t<meta property=\"og:image:type\" content=\"image\/jpeg\" \/>\n<meta name=\"twitter:card\" content=\"summary_large_image\" \/>\n<meta name=\"twitter:label1\" content=\"Tiempo de lectura\" \/>\n\t<meta name=\"twitter:data1\" content=\"5 minutos\" \/>\n<script type=\"application\/ld+json\" class=\"yoast-schema-graph\">{\"@context\":\"https:\\\/\\\/schema.org\",\"@graph\":[{\"@type\":\"WebPage\",\"@id\":\"https:\\\/\\\/mgf.gi\\\/es\\\/politica-de-cookies-2\\\/\",\"url\":\"https:\\\/\\\/mgf.gi\\\/es\\\/politica-de-cookies-2\\\/\",\"name\":\"Pol\u00edtica de cookies - one of the top financial institutions\",\"isPartOf\":{\"@id\":\"https:\\\/\\\/mgf.gi\\\/es\\\/#website\"},\"datePublished\":\"2025-01-27T14:46:51+00:00\",\"dateModified\":\"2025-01-27T14:49:59+00:00\",\"description\":\"We are one of the top financial institutions in Gibraltar, recognized as an innovative and fast-growing payment institution, customer-oriented\",\"breadcrumb\":{\"@id\":\"https:\\\/\\\/mgf.gi\\\/es\\\/politica-de-cookies-2\\\/#breadcrumb\"},\"inLanguage\":\"es\",\"potentialAction\":[{\"@type\":\"ReadAction\",\"target\":[\"https:\\\/\\\/mgf.gi\\\/es\\\/politica-de-cookies-2\\\/\"]}]},{\"@type\":\"BreadcrumbList\",\"@id\":\"https:\\\/\\\/mgf.gi\\\/es\\\/politica-de-cookies-2\\\/#breadcrumb\",\"itemListElement\":[{\"@type\":\"ListItem\",\"position\":1,\"name\":\"Inicio\",\"item\":\"https:\\\/\\\/mgf.gi\\\/es\\\/\"},{\"@type\":\"ListItem\",\"position\":2,\"name\":\"Pol\u00edtica de cookies\"}]},{\"@type\":\"WebSite\",\"@id\":\"https:\\\/\\\/mgf.gi\\\/es\\\/#website\",\"url\":\"https:\\\/\\\/mgf.gi\\\/es\\\/\",\"name\":\"Metropolitan Global Finance\",\"description\":\"Financial services\",\"publisher\":{\"@id\":\"https:\\\/\\\/mgf.gi\\\/es\\\/#organization\"},\"alternateName\":\"MGF\",\"potentialAction\":[{\"@type\":\"SearchAction\",\"target\":{\"@type\":\"EntryPoint\",\"urlTemplate\":\"https:\\\/\\\/mgf.gi\\\/es\\\/?s={search_term_string}\"},\"query-input\":{\"@type\":\"PropertyValueSpecification\",\"valueRequired\":true,\"valueName\":\"search_term_string\"}}],\"inLanguage\":\"es\"},{\"@type\":\"Organization\",\"@id\":\"https:\\\/\\\/mgf.gi\\\/es\\\/#organization\",\"name\":\"Metropolitan Global Limited\",\"alternateName\":\"MGF\",\"url\":\"https:\\\/\\\/mgf.gi\\\/es\\\/\",\"logo\":{\"@type\":\"ImageObject\",\"inLanguage\":\"es\",\"@id\":\"https:\\\/\\\/mgf.gi\\\/es\\\/#\\\/schema\\\/logo\\\/image\\\/\",\"url\":\"https:\\\/\\\/mgf.gi\\\/wp-content\\\/uploads\\\/2023\\\/08\\\/Metropolitan-Global-Limited-Gibraltar-MGF.jpg\",\"contentUrl\":\"https:\\\/\\\/mgf.gi\\\/wp-content\\\/uploads\\\/2023\\\/08\\\/Metropolitan-Global-Limited-Gibraltar-MGF.jpg\",\"width\":1200,\"height\":628,\"caption\":\"Metropolitan Global Limited\"},\"image\":{\"@id\":\"https:\\\/\\\/mgf.gi\\\/es\\\/#\\\/schema\\\/logo\\\/image\\\/\"}}]}<\/script>\n<!-- \/ Yoast SEO plugin. -->","yoast_head_json":{"title":"Pol\u00edtica de cookies - one of the top financial institutions","description":"We are one of the top financial institutions in Gibraltar, recognized as an innovative and fast-growing payment institution, customer-oriented","robots":{"index":"index","follow":"follow","max-snippet":"max-snippet:-1","max-image-preview":"max-image-preview:large","max-video-preview":"max-video-preview:-1"},"canonical":"https:\/\/mgf.gi\/es\/politica-de-cookies-2\/","og_locale":"es_ES","og_type":"article","og_title":"Pol\u00edtica de cookies - one of the top financial institutions","og_description":"We are one of the top financial institutions in Gibraltar, recognized as an innovative and fast-growing payment institution, customer-oriented","og_url":"https:\/\/mgf.gi\/es\/politica-de-cookies-2\/","og_site_name":"Metropolitan Global Finance","article_modified_time":"2025-01-27T14:49:59+00:00","og_image":[{"width":1200,"height":628,"url":"https:\/\/mgf.gi\/es\/wp-content\/uploads\/2023\/08\/Metropolitan-Global-Limited-Gibraltar-MGF.jpg","type":"image\/jpeg"}],"twitter_card":"summary_large_image","twitter_misc":{"Tiempo de lectura":"5 minutos"},"schema":{"@context":"https:\/\/schema.org","@graph":[{"@type":"WebPage","@id":"https:\/\/mgf.gi\/es\/politica-de-cookies-2\/","url":"https:\/\/mgf.gi\/es\/politica-de-cookies-2\/","name":"Pol\u00edtica de cookies - one of the top financial institutions","isPartOf":{"@id":"https:\/\/mgf.gi\/es\/#website"},"datePublished":"2025-01-27T14:46:51+00:00","dateModified":"2025-01-27T14:49:59+00:00","description":"We are one of the top financial institutions in Gibraltar, recognized as an innovative and fast-growing payment institution, customer-oriented","breadcrumb":{"@id":"https:\/\/mgf.gi\/es\/politica-de-cookies-2\/#breadcrumb"},"inLanguage":"es","potentialAction":[{"@type":"ReadAction","target":["https:\/\/mgf.gi\/es\/politica-de-cookies-2\/"]}]},{"@type":"BreadcrumbList","@id":"https:\/\/mgf.gi\/es\/politica-de-cookies-2\/#breadcrumb","itemListElement":[{"@type":"ListItem","position":1,"name":"Inicio","item":"https:\/\/mgf.gi\/es\/"},{"@type":"ListItem","position":2,"name":"Pol\u00edtica de cookies"}]},{"@type":"WebSite","@id":"https:\/\/mgf.gi\/es\/#website","url":"https:\/\/mgf.gi\/es\/","name":"Metropolitan Global Finance","description":"Financial services","publisher":{"@id":"https:\/\/mgf.gi\/es\/#organization"},"alternateName":"MGF","potentialAction":[{"@type":"SearchAction","target":{"@type":"EntryPoint","urlTemplate":"https:\/\/mgf.gi\/es\/?s={search_term_string}"},"query-input":{"@type":"PropertyValueSpecification","valueRequired":true,"valueName":"search_term_string"}}],"inLanguage":"es"},{"@type":"Organization","@id":"https:\/\/mgf.gi\/es\/#organization","name":"Metropolitan Global Limited","alternateName":"MGF","url":"https:\/\/mgf.gi\/es\/","logo":{"@type":"ImageObject","inLanguage":"es","@id":"https:\/\/mgf.gi\/es\/#\/schema\/logo\/image\/","url":"https:\/\/mgf.gi\/wp-content\/uploads\/2023\/08\/Metropolitan-Global-Limited-Gibraltar-MGF.jpg","contentUrl":"https:\/\/mgf.gi\/wp-content\/uploads\/2023\/08\/Metropolitan-Global-Limited-Gibraltar-MGF.jpg","width":1200,"height":628,"caption":"Metropolitan Global Limited"},"image":{"@id":"https:\/\/mgf.gi\/es\/#\/schema\/logo\/image\/"}}]}},"_links":{"self":[{"href":"https:\/\/mgf.gi\/es\/wp-json\/wp\/v2\/pages\/1751","targetHints":{"allow":["GET"]}}],"collection":[{"href":"https:\/\/mgf.gi\/es\/wp-json\/wp\/v2\/pages"}],"about":[{"href":"https:\/\/mgf.gi\/es\/wp-json\/wp\/v2\/types\/page"}],"author":[{"embeddable":true,"href":"https:\/\/mgf.gi\/es\/wp-json\/wp\/v2\/users\/2"}],"replies":[{"embeddable":true,"href":"https:\/\/mgf.gi\/es\/wp-json\/wp\/v2\/comments?post=1751"}],"version-history":[{"count":3,"href":"https:\/\/mgf.gi\/es\/wp-json\/wp\/v2\/pages\/1751\/revisions"}],"predecessor-version":[{"id":1754,"href":"https:\/\/mgf.gi\/es\/wp-json\/wp\/v2\/pages\/1751\/revisions\/1754"}],"wp:attachment":[{"href":"https:\/\/mgf.gi\/es\/wp-json\/wp\/v2\/media?parent=1751"}],"curies":[{"name":"wp","href":"https:\/\/api.w.org\/{rel}","templated":true}]}}