{"id":1716,"date":"2025-01-10T06:28:37","date_gmt":"2025-01-10T12:28:37","guid":{"rendered":"https:\/\/mgf.gi\/es\/?page_id=1716"},"modified":"2025-03-24T12:20:03","modified_gmt":"2025-03-24T11:20:03","slug":"nuevo-cliente","status":"publish","type":"page","link":"https:\/\/mgf.gi\/es\/nuevo-cliente\/","title":{"rendered":"Nuevo cliente"},"content":{"rendered":"\n  <div class=\"banner has-hover bg-color is-full-height\" id=\"banner-1157567449\">\n          <div class=\"banner-inner fill\">\n        <div class=\"banner-bg fill\" >\n            <img loading=\"lazy\" decoding=\"async\" width=\"1020\" height=\"680\" src=\"https:\/\/mgf.gi\/es\/wp-content\/uploads\/2023\/06\/mgl-client-package-1200x800.jpg\" class=\"bg attachment-large size-large\" alt=\"\" \/>                        <div class=\"overlay\"><\/div>            \n                    <\/div>\n\t\t\n        <div class=\"banner-layers container\">\n            <div class=\"fill banner-link\"><\/div>            \n   <div id=\"text-box-1274830797\" class=\"text-box banner-layer x50 md-x50 lg-x50 y50 md-y70 lg-y70 res-text\">\n              <div data-parallax=\"-1\" data-parallax-fade=\"true\">       <div data-animate=\"bounceIn\">           <div class=\"text-box-content text dark\">\n              \n              <div class=\"text-inner text-center\">\n                  \n<p class=\"alternative\"><span style=\"font-size: 500%; color: #997d0c;\" data-line-height=\"xs\">Bienvenido a Metropolitan Global Finance<\/span><\/p>\n<p>Nos enorgullecemos de ofrecer servicios financieros exclusivos adaptados a las<br \/>\nnecesidades \u00fanicas deuna base de clientes cuidadosamente seleccionada.<\/p>\n<p>Nuestro enfoque es similar al de un club privado,<br \/>\ndonde la confianza y las relaciones duraderas son primordiales.<\/p>\n<p><img loading=\"lazy\" decoding=\"async\" class=\"size-full wp-image-1683 alignnone\" src=\"https:\/\/mgf.gi\/es\/wp-content\/uploads\/2025\/01\/3Znaka_blanc_xs.png\" alt=\"\" width=\"250\" height=\"63\" \/><\/p>\n              <\/div>\n           <\/div>\n       <\/div>       <\/div>              \n<style>\n#text-box-1274830797 {\n  width: 80%;\n}\n#text-box-1274830797 .text-box-content {\n  font-size: 100%;\n}\n@media (min-width:550px) {\n  #text-box-1274830797 {\n    width: 70%;\n  }\n}\n<\/style>\n    <\/div>\n \n        <\/div>\n      <\/div>\n\n            \n<style>\n#banner-1157567449 {\n  padding-top: 100%;\n}\n#banner-1157567449 .overlay {\n  background-color: rgba(0, 0, 0, 0.75);\n}\n#banner-1157567449 .banner-bg img {\n  object-position: 68% 27%;\n}\n<\/style>\n  <\/div>\n\n\n\n\t<section class=\"section dark\" id=\"section_2006331028\">\n\t\t<div class=\"section-bg fill\" >\n\t\t\t\t\t\t\t\t\t\n\t\t\t\n\n\t\t<\/div>\n\n\t\t\n\n\t\t<div class=\"section-content relative\">\n\t\t\t\n<div class=\"row\"  id=\"row-778662296\">\n\n\t<div id=\"col-611006226\" class=\"col small-12 large-12\"  >\n\t\t\t\t<div class=\"col-inner\"  >\n\t\t\t\n\t\t\t\n\t<div id=\"text-2398885066\" class=\"text\">\n\t\t\n<p>Para que los nuevos clientes se unan a Metropolitan necesitan nuestra aplicaci\u00f3n m\u00f3vil.<br \/>\nLos clientes pueden utilizar tanto nuestra interfaz de usuario web como la interfaz de la APP para gestionar sus cuentas.<br \/>\n\t\t\n<style>\n#text-2398885066 {\n  text-align: center;\n}\n<\/style>\n\t<\/div>\n\t\n\t\t<\/div>\n\t\t\t\t\t<\/div>\n\n\t\n<\/div>\n<div class=\"row align-middle align-center\" style=\"max-width:900px\" id=\"row-448186961\">\n\n\t<div id=\"col-372861783\" class=\"col medium-3 small-12 large-3\"  >\n\t\t\t\t<div class=\"col-inner\"  >\n\t\t\t\n\t\t\t\n\t\t<\/div>\n\t\t\t\t\t<\/div>\n\n\t\n\n\t<div id=\"col-923203428\" class=\"col medium-6 small-12 large-6\"  >\n\t\t\t\t<div class=\"col-inner\"  >\n\t\t\t\n\t\t\t\n\t<div id=\"text-3099476712\" class=\"text\">\n\t\t\n<h2>Descarga nuestra app<\/h2>\n\t\t\n<style>\n#text-3099476712 {\n  text-align: center;\n  color: #997d0c;\n}\n#text-3099476712 > * {\n  color: #997d0c;\n}\n<\/style>\n\t<\/div>\n\t\n<div class=\"row align-center\"  id=\"row-134416056\">\n\n\t<div id=\"col-271495556\" class=\"col medium-6 small-6 large-6\"  >\n\t\t\t\t<div class=\"col-inner\"  >\n\t\t\t\n\t\t\t\n\t<div class=\"img has-hover x md-x lg-x y md-y lg-y\" id=\"image_1389186526\">\n\t\t<a class=\"\" href=\"https:\/\/apps.apple.com\/es\/app\/metropolitan-global-finance\/id6740530320\" target=\"_blank\" rel=\"noopener\" >\t\t\t\t\t\t<div class=\"img-inner dark\" >\n\t\t\t<img loading=\"lazy\" decoding=\"async\" width=\"1\" height=\"1\" src=\"https:\/\/mgf.gi\/es\/wp-content\/uploads\/2023\/09\/ios.a5ad099b78edc81ddc9f42b8c0f26d21.svg\" class=\"attachment-large size-large\" alt=\"\" \/>\t\t\t\t\t\t\n\t\t\t\t\t<\/div>\n\t\t\t\t\t\t<\/a>\t\t\n<style>\n#image_1389186526 {\n  width: 100%;\n}\n<\/style>\n\t<\/div>\n\t\n\t\t<\/div>\n\t\t\t\t\t<\/div>\n\n\t\n\n\t<div id=\"col-210346553\" class=\"col medium-6 small-6 large-6\"  >\n\t\t\t\t<div class=\"col-inner\"  >\n\t\t\t\n\t\t\t\n\t<div class=\"img has-hover x md-x lg-x y md-y lg-y\" id=\"image_43462883\">\n\t\t<a class=\"\" href=\"https:\/\/play.google.com\/store\/apps\/details?id=com.mgf.app\" target=\"_blank\" rel=\"noopener\" >\t\t\t\t\t\t<div class=\"img-inner dark\" >\n\t\t\t<img loading=\"lazy\" decoding=\"async\" width=\"1\" height=\"1\" src=\"https:\/\/mgf.gi\/es\/wp-content\/uploads\/2023\/09\/android.116748e7ca0027b10310b9ffb91f899e.svg\" class=\"attachment-large size-large\" alt=\"\" \/>\t\t\t\t\t\t\n\t\t\t\t\t<\/div>\n\t\t\t\t\t\t<\/a>\t\t\n<style>\n#image_43462883 {\n  width: 100%;\n}\n<\/style>\n\t<\/div>\n\t\n\t\t<\/div>\n\t\t\t\t\t<\/div>\n\n\t\n\n<style>\n#row-134416056 > .col > .col-inner {\n  padding: 0px 0px 0px 0px;\n}\n<\/style>\n<\/div>\n\t\t<\/div>\n\t\t\t\t\t<\/div>\n\n\t\n\n\t<div id=\"col-852731951\" class=\"col medium-3 small-12 large-3\"  >\n\t\t\t\t<div class=\"col-inner\"  >\n\t\t\t\n\t\t\t\n\t<div class=\"img has-hover x md-x lg-x y md-y lg-y\" id=\"image_116886524\">\n\t\t\t\t\t\t<div data-animate=\"fadeInLeft\">\t\t<div class=\"img-inner dark\" >\n\t\t\t<img loading=\"lazy\" decoding=\"async\" width=\"598\" height=\"800\" src=\"https:\/\/mgf.gi\/es\/wp-content\/uploads\/2023\/07\/smartphone-apps.png\" class=\"attachment-large size-large\" alt=\"\" srcset=\"https:\/\/mgf.gi\/es\/wp-content\/uploads\/2023\/07\/smartphone-apps.png 598w, https:\/\/mgf.gi\/es\/wp-content\/uploads\/2023\/07\/smartphone-apps-299x400.png 299w\" sizes=\"auto, (max-width: 598px) 100vw, 598px\" \/>\t\t\t\t\t\t\n\t\t\t\t\t<\/div>\n\t\t<\/div>\t\t\t\t\t\t\n<style>\n#image_116886524 {\n  width: 100%;\n}\n<\/style>\n\t<\/div>\n\t\n\t\t<\/div>\n\t\t\t\t\t<\/div>\n\n\t\n<\/div>\n\t\t<\/div>\n\n\t\t\n<style>\n#section_2006331028 {\n  padding-top: 30px;\n  padding-bottom: 30px;\n  background-color: rgb(40, 40, 40);\n}\n<\/style>\n\t<\/section>\n\t\n\n\t<section class=\"section\" id=\"section_593518963\">\n\t\t<div class=\"section-bg fill\" >\n\t\t\t\t\t\t\t\t\t\n\t\t\t\n\n\t\t<\/div>\n\n\t\t\n\n\t\t<div class=\"section-content relative\">\n\t\t\t\n<div class=\"row align-middle\"  id=\"row-2106255904\">\n\n\t<div id=\"col-830908952\" class=\"col medium-6 small-12 large-6\"  >\n\t\t\t\t<div class=\"col-inner\"  >\n\t\t\t\n\t\t\t\n\t<div id=\"text-1162108326\" class=\"text\">\n\t\t\n<h2 class=\"alternative\">Cuentas personales<\/h2>\n\t\t\n<style>\n#text-1162108326 {\n  font-size: 2rem;\n  color: #997d0c;\n}\n#text-1162108326 > * {\n  color: #997d0c;\n}\n<\/style>\n\t<\/div>\n\t\n\t<div id=\"text-3515369396\" class=\"text\">\n\t\t\n<p>Es muy sencillo abrir una cuenta con nosotros. A tra\u00e9s de nuestra app y en simples pasos podr\u00e9s ser en unos minutos parte de Metropolitan.<br \/>\nRecuerda tener los documentos necesarios a mano<br \/>\n(Consulta nuestras faqs para mas informaci\u00f3n)<br \/>\n\t\t\n<style>\n#text-3515369396 {\n  color: rgb(255,255,255);\n}\n#text-3515369396 > * {\n  color: rgb(255,255,255);\n}\n<\/style>\n\t<\/div>\n\t\n<a href=\"https:\/\/mgf.gi\/es\/tipo-de-cuentas\/\" class=\"button primary\" >\n\t\t<span>\u00danete<\/span>\n\t<\/a>\n\n\t\t<\/div>\n\t\t\t\t\t<\/div>\n\n\t\n\n\t<div id=\"col-1376410493\" class=\"col medium-6 small-12 large-6\"  data-animate=\"flipInY\">\n\t\t\t\t<div class=\"col-inner\"  >\n\t\t\t\n\t\t\t\n\n  <div class=\"banner has-hover\" id=\"banner-764348202\">\n          <div class=\"banner-inner fill\">\n        <div class=\"banner-bg fill\" >\n            <img loading=\"lazy\" decoding=\"async\" width=\"1020\" height=\"680\" src=\"https:\/\/mgf.gi\/es\/wp-content\/uploads\/2023\/07\/shutterstock_1906928107.jpg\" class=\"bg attachment-large size-large\" alt=\"\" \/>                                    \n                    <\/div>\n\t\t\n        <div class=\"banner-layers container\">\n            <div class=\"fill banner-link\"><\/div>            \n        <\/div>\n      <\/div>\n\n            \n<style>\n#banner-764348202 {\n  padding-top: 500px;\n}\n#banner-764348202 .banner-bg img {\n  object-position: 63% 0%;\n}\n<\/style>\n  <\/div>\n\n\n\t\t<\/div>\n\t\t\t\t\t<\/div>\n\n\t\n<\/div>\n\t\t<\/div>\n\n\t\t\n<style>\n#section_593518963 {\n  padding-top: 60px;\n  padding-bottom: 60px;\n  background-color: rgb(0,0,0);\n}\n<\/style>\n\t<\/section>\n\t\n\n\t<section class=\"section\" id=\"section_725814708\">\n\t\t<div class=\"section-bg fill\" >\n\t\t\t\t\t\t\t\t\t<div class=\"section-bg-overlay absolute fill\"><\/div>\n\t\t\t\n\n\t\t<\/div>\n\n\t\t\n\n\t\t<div class=\"section-content relative\">\n\t\t\t\n<div class=\"row row-collapse row-full-width align-middle reverse_columns\"  id=\"row-101719039\">\n\n\t<div id=\"col-1458683395\" class=\"col medium-6 small-12 large-6\"  data-animate=\"flipInY\">\n\t\t\t\t<div class=\"col-inner\"  >\n\t\t\t\n\t\t\t\n\n  <div class=\"banner has-hover bg-color is-full-height\" id=\"banner-724503982\">\n          <div class=\"banner-inner fill\">\n        <div class=\"banner-bg fill\" >\n            <img loading=\"lazy\" decoding=\"async\" width=\"1020\" height=\"681\" src=\"https:\/\/mgf.gi\/es\/wp-content\/uploads\/2023\/06\/shutterstock_579230023-1198x800.jpg\" class=\"bg attachment-large size-large\" alt=\"\" \/>                                    \n                    <\/div>\n\t\t\n        <div class=\"banner-layers container\">\n            <div class=\"fill banner-link\"><\/div>            \n        <\/div>\n      <\/div>\n\n            \n<style>\n#banner-724503982 {\n  padding-top: 100%;\n}\n#banner-724503982 .banner-bg img {\n  object-position: 53% 65%;\n}\n<\/style>\n  <\/div>\n\n\n\t\t<\/div>\n\t\t\t\t\t<\/div>\n\n\t\n\n\t<div id=\"col-1728096064\" class=\"col medium-6 small-12 large-6\"  >\n\t\t\t\t<div class=\"col-inner text-left\"  >\n\t\t\t\n\t\t\t\n\t<div id=\"text-1501992593\" class=\"text\">\n\t\t\n<h2 class=\"alternative\">Cuentas para empresas<\/h2>\n\t\t\n<style>\n#text-1501992593 {\n  font-size: 2rem;\n  color: #997d0c;\n}\n#text-1501992593 > * {\n  color: #997d0c;\n}\n<\/style>\n\t<\/div>\n\t\n\t<div id=\"text-923265440\" class=\"text\">\n\t\t\n<p>Nuestras cuentas especialmente dise\u00f1adas para empresas te permit\u00edan disponer de total libertad y seguridad. Date de alta a trav\u00e9s de nuestra app<\/p>\n<p>Recuerda tener los documentos necesarios a mano, entre alguno de ellos los titulares reales de tu compa\u00f1\u00eda.<\/p>\n<p>(Consulta nuestras faqs para mas informaci\u00f3n)<br \/>\n\t\t\n<style>\n#text-923265440 {\n  text-align: left;\n  color: rgb(0,0,0);\n}\n#text-923265440 > * {\n  color: rgb(0,0,0);\n}\n<\/style>\n\t<\/div>\n\t\n<a href=\"https:\/\/mgf.gi\/es\/tipo-de-cuentas\/\" class=\"button primary\" >\n\t\t<span>\u00danete<\/span>\n\t<\/a>\n\n\t\t<\/div>\n\t\t\t\t\n<style>\n#col-1728096064 > .col-inner {\n  padding: 10% 0% 10% 7%;\n  max-width: 520px;\n}\n<\/style>\n\t<\/div>\n\n\t\n<\/div>\n\t\t<\/div>\n\n\t\t\n<style>\n#section_725814708 {\n  padding-top: 0px;\n  padding-bottom: 0px;\n  background-color: rgb(247, 247, 247);\n}\n#section_725814708 .section-bg-overlay {\n  background-color: rgba(255, 255, 255, 0.85);\n}\n<\/style>\n\t<\/section>\n\t\n\n\t<section class=\"section dark\" id=\"section_305517383\">\n\t\t<div class=\"section-bg fill\" >\n\t\t\t<img loading=\"lazy\" decoding=\"async\" width=\"1080\" height=\"1113\" src=\"https:\/\/mgf.gi\/es\/wp-content\/uploads\/2023\/07\/shutterstock_293714792.jpg\" class=\"bg attachment-original size-original\" alt=\"\" \/>\t\t\t\t\t\t<div class=\"section-bg-overlay absolute fill\"><\/div>\n\t\t\t\n\n\t\t<\/div>\n\n\t\t\n\n\t\t<div class=\"section-content relative\">\n\t\t\t\n<div class=\"row align-center\"  id=\"row-1742194740\">\n\n\t<div id=\"col-99125868\" class=\"col medium-10 small-12 large-10\"  >\n\t\t\t\t<div class=\"col-inner text-center\"  >\n\t\t\t\n\t\t\t\n\t<div id=\"text-869031664\" class=\"text\">\n\t\t\n<p style=\"margin-bottom: 0;\">Convi\u00e9rtete en un<\/p>\n\t\t\n<style>\n#text-869031664 {\n  font-size: 1.3rem;\n  line-height: 1;\n}\n<\/style>\n\t<\/div>\n\t\n\t<div id=\"text-84348300\" class=\"text\">\n\t\t\n<h2 class=\"alternative\">Presentador de negocio<\/h2>\n\t\t\n<style>\n#text-84348300 {\n  font-size: 2rem;\n  color: #997d0c;\n}\n#text-84348300 > * {\n  color: #997d0c;\n}\n<\/style>\n\t<\/div>\n\t\n<a href=\"https:\/\/mgf.gi\/es\/presentadores-de-negocios\/\" class=\"button primary\" >\n\t\t<span>\u00danete<\/span>\n\t<\/a>\n\n\t<div id=\"text-1976509783\" class=\"text\">\n\t\t\n\t\t\n<style>\n#text-1976509783 {\n  font-size: 2rem;\n  color: #997d0c;\n}\n#text-1976509783 > * {\n  color: #997d0c;\n}\n<\/style>\n\t<\/div>\n\t\n\t\t<\/div>\n\t\t\t\t\t<\/div>\n\n\t\n<\/div>\n\t\t<\/div>\n\n\t\t\n<style>\n#section_305517383 {\n  padding-top: 60px;\n  padding-bottom: 60px;\n  min-height: 300px;\n  background-color: rgb(0, 0, 0);\n}\n#section_305517383 .section-bg-overlay {\n  background-color: rgba(0, 0, 0, 0.75);\n}\n#section_305517383 .section-bg img {\n  object-position: 63% 56%;\n}\n<\/style>\n\t<\/section>\n\t\n\n\t<section class=\"section\" id=\"section_1470268445\">\n\t\t<div class=\"section-bg fill\" >\n\t\t\t\t\t\t\t\t\t\n\t\t\t\n\n\t\t<\/div>\n\n\t\t\n\n\t\t<div class=\"section-content relative\">\n\t\t\t\n<div class=\"row align-center\" style=\"max-width:400px\" id=\"row-287779249\">\n\n\t<div id=\"col-1858308099\" class=\"col small-12 large-12\"  >\n\t\t\t\t<div class=\"col-inner text-center\"  >\n\t\t\t\n\t\t\t\n\t<div class=\"img has-hover x md-x lg-x y md-y lg-y\" id=\"image_310449838\">\n\t\t\t\t\t\t\t\t<div class=\"img-inner dark\" style=\"margin:4em 0px 1em 0px;\">\n\t\t\t\t\t\t\t\t\t\n\t\t\t\t\t<\/div>\n\t\t\t\t\t\t\t\t\n<style>\n#image_310449838 {\n  width: 60%;\n}\n<\/style>\n\t<\/div>\n\t\n\t<div id=\"text-3302493878\" class=\"text\">\n\t\t\n<p>\u00bfDudas?<br \/>\nVisita nuestras <a style=\"color: white; text-decoration: underline;\" href=\"https:\/\/mgf.gi\/es\/faqs\/\" target=\"_blank\" rel=\"noopener\">FAQs<\/a><br \/>\n\t\t\n<style>\n#text-3302493878 {\n  font-size: 2rem;\n  text-align: center;\n  color: rgb(255,255,255);\n}\n#text-3302493878 > * {\n  color: rgb(255,255,255);\n}\n<\/style>\n\t<\/div>\n\t\n\t\t<\/div>\n\t\t\t\t\t<\/div>\n\n\t\n<\/div>\n\t\t<\/div>\n\n\t\t\n<style>\n#section_1470268445 {\n  padding-top: 30px;\n  padding-bottom: 30px;\n  background-color: #997d0c;\n}\n<\/style>\n\t<\/section>\n\t\n","protected":false},"excerpt":{"rendered":"","protected":false},"author":2,"featured_media":0,"parent":0,"menu_order":0,"comment_status":"closed","ping_status":"closed","template":"page-transparent-header-light.php","meta":{"footnotes":""},"class_list":["post-1716","page","type-page","status-publish","hentry"],"yoast_head":"<!-- This site is optimized with the Yoast SEO plugin v27.5 - https:\/\/yoast.com\/product\/yoast-seo-wordpress\/ -->\n<title>Nuevo cliente - one of the top financial institutions<\/title>\n<meta name=\"description\" content=\"We are one of the top financial institutions in Gibraltar, recognized as an innovative and fast-growing payment institution, customer-oriented\" \/>\n<meta name=\"robots\" content=\"index, follow, max-snippet:-1, max-image-preview:large, max-video-preview:-1\" \/>\n<link rel=\"canonical\" href=\"https:\/\/mgf.gi\/es\/nuevo-cliente\/\" \/>\n<meta property=\"og:locale\" content=\"es_ES\" \/>\n<meta property=\"og:type\" content=\"article\" \/>\n<meta property=\"og:title\" content=\"Nuevo cliente - one of the top financial institutions\" \/>\n<meta property=\"og:description\" content=\"We are one of the top financial institutions in Gibraltar, recognized as an innovative and fast-growing payment institution, customer-oriented\" \/>\n<meta property=\"og:url\" content=\"https:\/\/mgf.gi\/es\/nuevo-cliente\/\" \/>\n<meta property=\"og:site_name\" content=\"Metropolitan Global Finance\" \/>\n<meta property=\"article:modified_time\" content=\"2025-03-24T11:20:03+00:00\" \/>\n<meta property=\"og:image\" content=\"https:\/\/mgf.gi\/es\/wp-content\/uploads\/2025\/01\/3Znaka_blanc_xs.png\" \/>\n<meta name=\"twitter:card\" content=\"summary_large_image\" \/>\n<meta name=\"twitter:label1\" content=\"Tiempo de lectura\" \/>\n\t<meta name=\"twitter:data1\" content=\"3 minutos\" \/>\n<script type=\"application\/ld+json\" class=\"yoast-schema-graph\">{\"@context\":\"https:\\\/\\\/schema.org\",\"@graph\":[{\"@type\":\"WebPage\",\"@id\":\"https:\\\/\\\/mgf.gi\\\/es\\\/nuevo-cliente\\\/\",\"url\":\"https:\\\/\\\/mgf.gi\\\/es\\\/nuevo-cliente\\\/\",\"name\":\"Nuevo cliente - one of the top financial institutions\",\"isPartOf\":{\"@id\":\"https:\\\/\\\/mgf.gi\\\/es\\\/#website\"},\"primaryImageOfPage\":{\"@id\":\"https:\\\/\\\/mgf.gi\\\/es\\\/nuevo-cliente\\\/#primaryimage\"},\"image\":{\"@id\":\"https:\\\/\\\/mgf.gi\\\/es\\\/nuevo-cliente\\\/#primaryimage\"},\"thumbnailUrl\":\"https:\\\/\\\/mgf.gi\\\/es\\\/wp-content\\\/uploads\\\/2025\\\/01\\\/3Znaka_blanc_xs.png\",\"datePublished\":\"2025-01-10T12:28:37+00:00\",\"dateModified\":\"2025-03-24T11:20:03+00:00\",\"description\":\"We are one of the top financial institutions in Gibraltar, recognized as an innovative and fast-growing payment institution, customer-oriented\",\"breadcrumb\":{\"@id\":\"https:\\\/\\\/mgf.gi\\\/es\\\/nuevo-cliente\\\/#breadcrumb\"},\"inLanguage\":\"es\",\"potentialAction\":[{\"@type\":\"ReadAction\",\"target\":[\"https:\\\/\\\/mgf.gi\\\/es\\\/nuevo-cliente\\\/\"]}]},{\"@type\":\"ImageObject\",\"inLanguage\":\"es\",\"@id\":\"https:\\\/\\\/mgf.gi\\\/es\\\/nuevo-cliente\\\/#primaryimage\",\"url\":\"https:\\\/\\\/mgf.gi\\\/es\\\/wp-content\\\/uploads\\\/2024\\\/12\\\/PricesPlanMGF_Introducer_Inet-1.png\",\"contentUrl\":\"https:\\\/\\\/mgf.gi\\\/es\\\/wp-content\\\/uploads\\\/2024\\\/12\\\/PricesPlanMGF_Introducer_Inet-1.png\",\"width\":450,\"height\":642},{\"@type\":\"BreadcrumbList\",\"@id\":\"https:\\\/\\\/mgf.gi\\\/es\\\/nuevo-cliente\\\/#breadcrumb\",\"itemListElement\":[{\"@type\":\"ListItem\",\"position\":1,\"name\":\"Inicio\",\"item\":\"https:\\\/\\\/mgf.gi\\\/es\\\/\"},{\"@type\":\"ListItem\",\"position\":2,\"name\":\"Nuevo cliente\"}]},{\"@type\":\"WebSite\",\"@id\":\"https:\\\/\\\/mgf.gi\\\/es\\\/#website\",\"url\":\"https:\\\/\\\/mgf.gi\\\/es\\\/\",\"name\":\"Metropolitan Global Finance\",\"description\":\"Financial services\",\"publisher\":{\"@id\":\"https:\\\/\\\/mgf.gi\\\/es\\\/#organization\"},\"alternateName\":\"MGF\",\"potentialAction\":[{\"@type\":\"SearchAction\",\"target\":{\"@type\":\"EntryPoint\",\"urlTemplate\":\"https:\\\/\\\/mgf.gi\\\/es\\\/?s={search_term_string}\"},\"query-input\":{\"@type\":\"PropertyValueSpecification\",\"valueRequired\":true,\"valueName\":\"search_term_string\"}}],\"inLanguage\":\"es\"},{\"@type\":\"Organization\",\"@id\":\"https:\\\/\\\/mgf.gi\\\/es\\\/#organization\",\"name\":\"Metropolitan Global Limited\",\"alternateName\":\"MGF\",\"url\":\"https:\\\/\\\/mgf.gi\\\/es\\\/\",\"logo\":{\"@type\":\"ImageObject\",\"inLanguage\":\"es\",\"@id\":\"https:\\\/\\\/mgf.gi\\\/es\\\/#\\\/schema\\\/logo\\\/image\\\/\",\"url\":\"https:\\\/\\\/mgf.gi\\\/wp-content\\\/uploads\\\/2023\\\/08\\\/Metropolitan-Global-Limited-Gibraltar-MGF.jpg\",\"contentUrl\":\"https:\\\/\\\/mgf.gi\\\/wp-content\\\/uploads\\\/2023\\\/08\\\/Metropolitan-Global-Limited-Gibraltar-MGF.jpg\",\"width\":1200,\"height\":628,\"caption\":\"Metropolitan Global Limited\"},\"image\":{\"@id\":\"https:\\\/\\\/mgf.gi\\\/es\\\/#\\\/schema\\\/logo\\\/image\\\/\"}}]}<\/script>\n<!-- \/ Yoast SEO plugin. -->","yoast_head_json":{"title":"Nuevo cliente - one of the top financial institutions","description":"We are one of the top financial institutions in Gibraltar, recognized as an innovative and fast-growing payment institution, customer-oriented","robots":{"index":"index","follow":"follow","max-snippet":"max-snippet:-1","max-image-preview":"max-image-preview:large","max-video-preview":"max-video-preview:-1"},"canonical":"https:\/\/mgf.gi\/es\/nuevo-cliente\/","og_locale":"es_ES","og_type":"article","og_title":"Nuevo cliente - one of the top financial institutions","og_description":"We are one of the top financial institutions in Gibraltar, recognized as an innovative and fast-growing payment institution, customer-oriented","og_url":"https:\/\/mgf.gi\/es\/nuevo-cliente\/","og_site_name":"Metropolitan Global Finance","article_modified_time":"2025-03-24T11:20:03+00:00","og_image":[{"url":"https:\/\/mgf.gi\/es\/wp-content\/uploads\/2025\/01\/3Znaka_blanc_xs.png","type":"","width":"","height":""}],"twitter_card":"summary_large_image","twitter_misc":{"Tiempo de lectura":"3 minutos"},"schema":{"@context":"https:\/\/schema.org","@graph":[{"@type":"WebPage","@id":"https:\/\/mgf.gi\/es\/nuevo-cliente\/","url":"https:\/\/mgf.gi\/es\/nuevo-cliente\/","name":"Nuevo cliente - one of the top financial institutions","isPartOf":{"@id":"https:\/\/mgf.gi\/es\/#website"},"primaryImageOfPage":{"@id":"https:\/\/mgf.gi\/es\/nuevo-cliente\/#primaryimage"},"image":{"@id":"https:\/\/mgf.gi\/es\/nuevo-cliente\/#primaryimage"},"thumbnailUrl":"https:\/\/mgf.gi\/es\/wp-content\/uploads\/2025\/01\/3Znaka_blanc_xs.png","datePublished":"2025-01-10T12:28:37+00:00","dateModified":"2025-03-24T11:20:03+00:00","description":"We are one of the top financial institutions in Gibraltar, recognized as an innovative and fast-growing payment institution, customer-oriented","breadcrumb":{"@id":"https:\/\/mgf.gi\/es\/nuevo-cliente\/#breadcrumb"},"inLanguage":"es","potentialAction":[{"@type":"ReadAction","target":["https:\/\/mgf.gi\/es\/nuevo-cliente\/"]}]},{"@type":"ImageObject","inLanguage":"es","@id":"https:\/\/mgf.gi\/es\/nuevo-cliente\/#primaryimage","url":"https:\/\/mgf.gi\/es\/wp-content\/uploads\/2024\/12\/PricesPlanMGF_Introducer_Inet-1.png","contentUrl":"https:\/\/mgf.gi\/es\/wp-content\/uploads\/2024\/12\/PricesPlanMGF_Introducer_Inet-1.png","width":450,"height":642},{"@type":"BreadcrumbList","@id":"https:\/\/mgf.gi\/es\/nuevo-cliente\/#breadcrumb","itemListElement":[{"@type":"ListItem","position":1,"name":"Inicio","item":"https:\/\/mgf.gi\/es\/"},{"@type":"ListItem","position":2,"name":"Nuevo cliente"}]},{"@type":"WebSite","@id":"https:\/\/mgf.gi\/es\/#website","url":"https:\/\/mgf.gi\/es\/","name":"Metropolitan Global Finance","description":"Financial services","publisher":{"@id":"https:\/\/mgf.gi\/es\/#organization"},"alternateName":"MGF","potentialAction":[{"@type":"SearchAction","target":{"@type":"EntryPoint","urlTemplate":"https:\/\/mgf.gi\/es\/?s={search_term_string}"},"query-input":{"@type":"PropertyValueSpecification","valueRequired":true,"valueName":"search_term_string"}}],"inLanguage":"es"},{"@type":"Organization","@id":"https:\/\/mgf.gi\/es\/#organization","name":"Metropolitan Global Limited","alternateName":"MGF","url":"https:\/\/mgf.gi\/es\/","logo":{"@type":"ImageObject","inLanguage":"es","@id":"https:\/\/mgf.gi\/es\/#\/schema\/logo\/image\/","url":"https:\/\/mgf.gi\/wp-content\/uploads\/2023\/08\/Metropolitan-Global-Limited-Gibraltar-MGF.jpg","contentUrl":"https:\/\/mgf.gi\/wp-content\/uploads\/2023\/08\/Metropolitan-Global-Limited-Gibraltar-MGF.jpg","width":1200,"height":628,"caption":"Metropolitan Global Limited"},"image":{"@id":"https:\/\/mgf.gi\/es\/#\/schema\/logo\/image\/"}}]}},"_links":{"self":[{"href":"https:\/\/mgf.gi\/es\/wp-json\/wp\/v2\/pages\/1716","targetHints":{"allow":["GET"]}}],"collection":[{"href":"https:\/\/mgf.gi\/es\/wp-json\/wp\/v2\/pages"}],"about":[{"href":"https:\/\/mgf.gi\/es\/wp-json\/wp\/v2\/types\/page"}],"author":[{"embeddable":true,"href":"https:\/\/mgf.gi\/es\/wp-json\/wp\/v2\/users\/2"}],"replies":[{"embeddable":true,"href":"https:\/\/mgf.gi\/es\/wp-json\/wp\/v2\/comments?post=1716"}],"version-history":[{"count":12,"href":"https:\/\/mgf.gi\/es\/wp-json\/wp\/v2\/pages\/1716\/revisions"}],"predecessor-version":[{"id":1790,"href":"https:\/\/mgf.gi\/es\/wp-json\/wp\/v2\/pages\/1716\/revisions\/1790"}],"wp:attachment":[{"href":"https:\/\/mgf.gi\/es\/wp-json\/wp\/v2\/media?parent=1716"}],"curies":[{"name":"wp","href":"https:\/\/api.w.org\/{rel}","templated":true}]}}