{"id":1187,"date":"2023-08-31T16:14:06","date_gmt":"2023-08-31T22:14:06","guid":{"rendered":"https:\/\/mgf.gi\/?page_id=1187"},"modified":"2025-08-13T08:46:58","modified_gmt":"2025-08-13T06:46:58","slug":"presentadores-de-negocios","status":"publish","type":"page","link":"https:\/\/mgf.gi\/es\/presentadores-de-negocios\/","title":{"rendered":"Presentadores de negocios"},"content":{"rendered":"\n\t<section class=\"section\" id=\"section_1193014128\">\n\t\t<div class=\"section-bg fill\" >\n\t\t\t\t\t\t\t\t\t\n\t\t\t\n\n\t\t<\/div>\n\n\t\t\n\n\t\t<div class=\"section-content relative\">\n\t\t\t\n\n  <div class=\"banner has-hover bg-color is-full-height\" id=\"banner-287631807\">\n          <div class=\"banner-inner fill\">\n        <div class=\"banner-bg fill\" >\n            <img loading=\"lazy\" decoding=\"async\" width=\"1020\" height=\"681\" src=\"https:\/\/mgf.gi\/es\/wp-content\/uploads\/2023\/09\/filipp-romanovski-lv-oiuGbyPM-unsplash-1199x800.jpg\" class=\"bg attachment-large size-large\" alt=\"\" \/>                        <div class=\"overlay\"><\/div>            \n                    <\/div>\n\t\t\n        <div class=\"banner-layers container\">\n            <div class=\"fill banner-link\"><\/div>            \n   <div id=\"text-box-201777569\" class=\"text-box banner-layer x50 md-x50 lg-x50 y50 md-y75 lg-y75 res-text\">\n              <div data-parallax=\"-1\" data-parallax-fade=\"true\">       <div data-animate=\"bounceIn\">           <div class=\"text-box-content text dark\">\n              \n              <div class=\"text-inner text-center\">\n                  \n<p class=\"alternative\"><span style=\"font-size: 500%; color: #997d0c;\" data-line-height=\"xs\">Intermediarios<\/span><\/p>\n              <\/div>\n           <\/div>\n       <\/div>       <\/div>              \n<style>\n#text-box-201777569 {\n  width: 80%;\n}\n#text-box-201777569 .text-box-content {\n  font-size: 100%;\n}\n@media (min-width:550px) {\n  #text-box-201777569 {\n    width: 70%;\n  }\n}\n<\/style>\n    <\/div>\n \n        <\/div>\n      <\/div>\n\n            \n<style>\n#banner-287631807 {\n  padding-top: 100%;\n}\n#banner-287631807 .overlay {\n  background-color: rgba(0, 0, 0, 0.5);\n}\n#banner-287631807 .banner-bg img {\n  object-position: 45% 83%;\n}\n<\/style>\n  <\/div>\n\n\n\t\t<\/div>\n\n\t\t\n<style>\n#section_1193014128 {\n  padding-top: 0px;\n  padding-bottom: 0px;\n}\n<\/style>\n\t<\/section>\n\t\n\n\t<section class=\"section\" id=\"section_470444468\">\n\t\t<div class=\"section-bg fill\" >\n\t\t\t\t\t\t\t\t\t\n\t\t\t\n\n\t\t<\/div>\n\n\t\t\n\n\t\t<div class=\"section-content relative\">\n\t\t\t\n<div class=\"row align-middle\"  id=\"row-182067289\">\n\n\t<div id=\"col-1810661826\" class=\"col small-12 large-12\"  >\n\t\t\t\t<div class=\"col-inner text-center\"  >\n\t\t\t\n\t\t\t\n\t<div id=\"text-759211222\" class=\"text alternative\">\n\t\t\n<p>Metropolitan invita a particulares y empresas a alcanzar sus ambiciones comerciales en el mercado de servicios financieros<\/p>\n\t\t\n<style>\n#text-759211222 {\n  font-size: 2.75rem;\n  color: #997d0c;\n}\n#text-759211222 > * {\n  color: #997d0c;\n}\n<\/style>\n\t<\/div>\n\t\n\t\t<\/div>\n\t\t\t\t\n<style>\n#col-1810661826 > .col-inner {\n  margin: 0px 0px -70px 0px;\n}\n<\/style>\n\t<\/div>\n\n\t\n\n\t<div id=\"col-33298950\" class=\"col medium-6 small-12 large-6\"  >\n\t\t\t\t<div class=\"col-inner\"  >\n\t\t\t\n\t\t\t\n\n  <div class=\"banner has-hover bg-color is-full-height\" id=\"banner-991930093\">\n          <div class=\"banner-inner fill\">\n        <div class=\"banner-bg fill\" >\n            <img loading=\"lazy\" decoding=\"async\" width=\"500\" height=\"334\" src=\"https:\/\/mgf.gi\/es\/wp-content\/uploads\/2023\/09\/shutterstock_1698067594.jpg\" class=\"bg attachment-large size-large\" alt=\"\" \/>                                    \n                    <\/div>\n\t\t\n        <div class=\"banner-layers container\">\n            <div class=\"fill banner-link\"><\/div>            \n        <\/div>\n      <\/div>\n\n            \n<style>\n#banner-991930093 {\n  padding-top: 99.99%;\n}\n#banner-991930093 .banner-bg img {\n  object-position: 47% 0%;\n}\n@media (min-width:550px) {\n  #banner-991930093 {\n    padding-top: 100%;\n  }\n}\n<\/style>\n  <\/div>\n\n\n\t\t<\/div>\n\t\t\t\t\t<\/div>\n\n\t\n\n\t<div id=\"col-104194394\" class=\"col medium-6 small-12 large-6\"  >\n\t\t\t\t<div class=\"col-inner\"  >\n\t\t\t\n\t\t\t\n\t<div id=\"text-2032097161\" class=\"text alternative hidden\">\n\t\t\n<p><span style=\"font-size: 350%;\">Lorem Ipsum<\/span><br \/>\n\t\t\n<style>\n#text-2032097161 {\n  color: #997d0c;\n}\n#text-2032097161 > * {\n  color: #997d0c;\n}\n<\/style>\n\t<\/div>\n\t\n\t<div id=\"text-1322446347\" class=\"text\">\n\t\t\n<p>Convi\u00e9rtase en introductor y ofrezca a nuestros clientes la oportunidad de recibir descuentos en los servicios de Metropolitan.<\/p>\n<p>Estaremos encantados de edificar juntos una cooperaci\u00f3n a largo plazo con Introductores de Negocios que est\u00e9n dispuestos a proponer las soluciones de Metropolitan a su clientela.<\/p>\n<p>Esto brindar\u00e1 a sus clientes la oportunidad de abrir cuentas en Metropolitan para empresas recomendadas y personas de reputables.<\/p>\n<p>Como Intermediarios, consideraremos revisar las candidaturas recibidas de las empresas.<\/p>\n<p>Ya sea que operen en el sector de los servicios jur\u00eddicos, despachos de contabilidad y servicios de auditor\u00eda, incluidas agencias inmobiliarias, brokers y family office.<\/p>\n<p>Estamos convencidos de que estas sinergias permitir\u00e1n a nuestros Intermediarios no solo recibir un ingreso recurrente estable por cada cliente exitosamente introducido. Como beneficio adicional para los clientes recomendados por nuestros introductores, \u00a1ofrecemos un 50% de descuento para todo tipo de clientes en el servicio mensual durante el primer trimestre!<\/p>\n<p style=\"color: #997d0c;\"><strong>Si est\u00e1 interesado en convertirse en nuestro Intermediario, env\u00ede su solicitud y carta de presentaci\u00f3n a esta direcci\u00f3n de correo electr\u00f3nico: introducers@mgf.gi<\/strong><\/p>\n\t\t\n<style>\n#text-1322446347 {\n  color: rgb(255,255,255);\n}\n#text-1322446347 > * {\n  color: rgb(255,255,255);\n}\n<\/style>\n\t<\/div>\n\t\n\t\t<\/div>\n\t\t\t\t\t<\/div>\n\n\t\n\n\t<div id=\"col-929479235\" class=\"col small-12 large-12\"  >\n\t\t\t\t<div class=\"col-inner text-center\"  >\n\t\t\t\n\t\t\t\n<a href=\"https:\/\/mgf.gi\/es\/wp-content\/uploads\/2025\/04\/Business-introducer-information-spanish.pdf\" target=\"_blank\" class=\"button primary ocultar\" rel=\"noopener\" >\n\t\t<span>PDF Presentadores<\/span>\n\t<\/a>\n\n\t<div id=\"text-718565597\" class=\"text\">\n\t\t\n<h2 style=\"color: #997d0c;\">Convi\u00e9rtase en un Colaborador Comercial de Confianza<\/h2>\n<p> \u00danase a una red global exclusiva de profesionales que conectan a personas de alto patrimonio y empresas con servicios financieros personalizados. Como Colaborador Comercial de Metropolitan, disfrutar\u00e1 de comisiones de por vida, atenci\u00f3n premium al cliente y acceso a oportunidades financieras de \u00e9lite, todo sin cambiar su actividad profesional actual.<\/p>\n<p>Descubra m\u00e1s en la imagen abajo.<\/p>\n\t\t\n<style>\n#text-718565597 {\n  color: rgb(255,255,255);\n}\n#text-718565597 > * {\n  color: rgb(255,255,255);\n}\n<\/style>\n\t<\/div>\n\t\n\t<div class=\"img has-hover x md-x lg-x y md-y lg-y\" id=\"image_559007690\">\n\t\t<a class=\"\" href=\"https:\/\/mgf.gi\/es\/wp-content\/uploads\/2025\/04\/Business-introducer-information-spanish_.pdf\" target=\"_blank\" rel=\"noopener\" >\t\t\t\t\t\t<div class=\"img-inner image-cover dark\" style=\"padding-top:50%;\">\n\t\t\t<img loading=\"lazy\" decoding=\"async\" width=\"564\" height=\"833\" src=\"https:\/\/mgf.gi\/es\/wp-content\/uploads\/2025\/04\/introducers.jpg\" class=\"attachment-2048x2048 size-2048x2048\" alt=\"\" srcset=\"https:\/\/mgf.gi\/es\/wp-content\/uploads\/2025\/04\/introducers.jpg 564w, https:\/\/mgf.gi\/es\/wp-content\/uploads\/2025\/04\/introducers-271x400.jpg 271w, https:\/\/mgf.gi\/es\/wp-content\/uploads\/2025\/04\/introducers-542x800.jpg 542w\" sizes=\"auto, (max-width: 564px) 100vw, 564px\" \/>\t\t\t\t\t\t\n\t\t\t\t\t<\/div>\n\t\t\t\t\t\t<\/a>\t\t\n<style>\n#image_559007690 {\n  width: 50%;\n}\n<\/style>\n\t<\/div>\n\t\n<a href=\"https:\/\/mgf.gi\/es\/wp-content\/uploads\/2025\/04\/Business-introducer-information-spanish_.pdf\" target=\"_blank\" class=\"button primary\" rel=\"noopener\" >\n\t\t<span>Descarga pdf<\/span>\n\t<\/a>\n\n\t\t<\/div>\n\t\t\t\t\t<\/div>\n\n\t\n\n\t<div id=\"col-1857114010\" class=\"col small-12 large-12\"  >\n\t\t\t\t<div class=\"col-inner text-center\"  >\n\t\t\t\n\t\t\t\n\t<div class=\"img has-hover x md-x lg-x y md-y lg-y\" id=\"image_379003795\">\n\t\t<a class=\"\" href=\"https:\/\/mgf.gi\/es\/wp-content\/uploads\/2025\/03\/OK_MG_Presentation-MIN.pdf\" target=\"_blank\" rel=\"noopener\" >\t\t\t\t\t\t<div class=\"img-inner dark\" >\n\t\t\t<img loading=\"lazy\" decoding=\"async\" width=\"1200\" height=\"675\" src=\"https:\/\/mgf.gi\/es\/wp-content\/uploads\/2025\/03\/OK_MG_Presentation-MIN-1.jpg\" class=\"attachment-original size-original\" alt=\"\" srcset=\"https:\/\/mgf.gi\/es\/wp-content\/uploads\/2025\/03\/OK_MG_Presentation-MIN-1.jpg 1200w, https:\/\/mgf.gi\/es\/wp-content\/uploads\/2025\/03\/OK_MG_Presentation-MIN-1-711x400.jpg 711w, https:\/\/mgf.gi\/es\/wp-content\/uploads\/2025\/03\/OK_MG_Presentation-MIN-1-768x432.jpg 768w\" sizes=\"auto, (max-width: 1200px) 100vw, 1200px\" \/>\t\t\t\t\t\t\n\t\t\t\t\t<\/div>\n\t\t\t\t\t\t<\/a>\t\t\n<style>\n#image_379003795 {\n  width: 100%;\n}\n<\/style>\n\t<\/div>\n\t\n\t<div id=\"text-977625959\" class=\"text alternative\">\n\t\t\n<p style=\"margin-bottom:0;\">\u00a1Formen parte de nuestra historia!<\/p>\n\t\t\n<style>\n#text-977625959 {\n  font-size: 3.75rem;\n  color: #997d0c;\n}\n#text-977625959 > * {\n  color: #997d0c;\n}\n<\/style>\n\t<\/div>\n\t\n<a href=\"https:\/\/mgf.gi\/es\/wp-content\/uploads\/2025\/03\/OK_MG_Presentation-MIN.pdf\" target=\"_blank\" class=\"button primary\" rel=\"noopener\" >\n\t\t<span>Descarga<\/span>\n\t<\/a>\n\n\t<div id=\"text-3958561880\" class=\"text alternative\">\n\t\t\n<p style=\"margin-top:3em; margin-bottom:0;\">\u00a1Formen parte de nuestra historia!<\/p>\n\t\t\n<style>\n#text-3958561880 {\n  font-size: 3.75rem;\n  color: #997d0c;\n}\n#text-3958561880 > * {\n  color: #997d0c;\n}\n<\/style>\n\t<\/div>\n\t\n\t<div class=\"img has-hover x md-x lg-x y md-y lg-y\" id=\"image_1926925675\">\n\t\t\t\t\t\t<div data-animate=\"flipInY\">\t\t<div class=\"img-inner dark\" >\n\t\t\t<img loading=\"lazy\" decoding=\"async\" width=\"324\" height=\"447\" src=\"https:\/\/mgf.gi\/es\/wp-content\/uploads\/2023\/10\/mgfgi-map-ok.png\" class=\"attachment-original size-original\" alt=\"\" srcset=\"https:\/\/mgf.gi\/es\/wp-content\/uploads\/2023\/10\/mgfgi-map-ok.png 324w, https:\/\/mgf.gi\/es\/wp-content\/uploads\/2023\/10\/mgfgi-map-ok-290x400.png 290w\" sizes=\"auto, (max-width: 324px) 100vw, 324px\" \/>\t\t\t\t\t\t\n\t\t\t\t\t<\/div>\n\t\t<\/div>\t\t\t\t\t\t\n<style>\n#image_1926925675 {\n  width: 50%;\n}\n<\/style>\n\t<\/div>\n\t\n\t\t<\/div>\n\t\t\t\t\t<\/div>\n\n\t\n<\/div>\n\t\t<\/div>\n\n\t\t\n<style>\n#section_470444468 {\n  padding-top: 30px;\n  padding-bottom: 30px;\n  background-color: rgb(0,0,0);\n}\n<\/style>\n\t<\/section>\n\t\n","protected":false},"excerpt":{"rendered":"","protected":false},"author":1,"featured_media":330,"parent":0,"menu_order":0,"comment_status":"closed","ping_status":"closed","template":"page-transparent-header-light.php","meta":{"footnotes":""},"class_list":["post-1187","page","type-page","status-publish","has-post-thumbnail","hentry"],"yoast_head":"<!-- This site is optimized with the Yoast SEO plugin v27.5 - https:\/\/yoast.com\/product\/yoast-seo-wordpress\/ -->\n<title>Presentadores de negocios - one of the top financial institutions<\/title>\n<meta name=\"description\" content=\"We are one of the top financial institutions in Gibraltar, recognized as an innovative and fast-growing payment institution, customer-oriented\" \/>\n<meta name=\"robots\" content=\"index, follow, max-snippet:-1, max-image-preview:large, max-video-preview:-1\" \/>\n<link rel=\"canonical\" href=\"https:\/\/mgf.gi\/es\/presentadores-de-negocios\/\" \/>\n<meta property=\"og:locale\" content=\"es_ES\" \/>\n<meta property=\"og:type\" content=\"article\" \/>\n<meta property=\"og:title\" content=\"Presentadores de negocios - one of the top financial institutions\" \/>\n<meta property=\"og:description\" content=\"We are one of the top financial institutions in Gibraltar, recognized as an innovative and fast-growing payment institution, customer-oriented\" \/>\n<meta property=\"og:url\" content=\"https:\/\/mgf.gi\/es\/presentadores-de-negocios\/\" \/>\n<meta property=\"og:site_name\" content=\"Metropolitan Global Finance\" \/>\n<meta property=\"article:modified_time\" content=\"2025-08-13T06:46:58+00:00\" \/>\n<meta property=\"og:image\" content=\"https:\/\/mgf.gi\/es\/wp-content\/uploads\/2023\/06\/shutterstock_579230023-scaled.jpg\" \/>\n\t<meta property=\"og:image:width\" content=\"2560\" \/>\n\t<meta property=\"og:image:height\" content=\"1709\" \/>\n\t<meta property=\"og:image:type\" content=\"image\/jpeg\" \/>\n<meta name=\"twitter:card\" content=\"summary_large_image\" \/>\n<meta name=\"twitter:label1\" content=\"Tiempo de lectura\" \/>\n\t<meta name=\"twitter:data1\" content=\"2 minutos\" \/>\n<script type=\"application\/ld+json\" class=\"yoast-schema-graph\">{\"@context\":\"https:\\\/\\\/schema.org\",\"@graph\":[{\"@type\":\"WebPage\",\"@id\":\"https:\\\/\\\/mgf.gi\\\/es\\\/presentadores-de-negocios\\\/\",\"url\":\"https:\\\/\\\/mgf.gi\\\/es\\\/presentadores-de-negocios\\\/\",\"name\":\"Presentadores de negocios - one of the top financial institutions\",\"isPartOf\":{\"@id\":\"https:\\\/\\\/mgf.gi\\\/es\\\/#website\"},\"primaryImageOfPage\":{\"@id\":\"https:\\\/\\\/mgf.gi\\\/es\\\/presentadores-de-negocios\\\/#primaryimage\"},\"image\":{\"@id\":\"https:\\\/\\\/mgf.gi\\\/es\\\/presentadores-de-negocios\\\/#primaryimage\"},\"thumbnailUrl\":\"https:\\\/\\\/mgf.gi\\\/es\\\/wp-content\\\/uploads\\\/2023\\\/06\\\/shutterstock_579230023-scaled.jpg\",\"datePublished\":\"2023-08-31T22:14:06+00:00\",\"dateModified\":\"2025-08-13T06:46:58+00:00\",\"description\":\"We are one of the top financial institutions in Gibraltar, recognized as an innovative and fast-growing payment institution, customer-oriented\",\"breadcrumb\":{\"@id\":\"https:\\\/\\\/mgf.gi\\\/es\\\/presentadores-de-negocios\\\/#breadcrumb\"},\"inLanguage\":\"es\",\"potentialAction\":[{\"@type\":\"ReadAction\",\"target\":[\"https:\\\/\\\/mgf.gi\\\/es\\\/presentadores-de-negocios\\\/\"]}]},{\"@type\":\"ImageObject\",\"inLanguage\":\"es\",\"@id\":\"https:\\\/\\\/mgf.gi\\\/es\\\/presentadores-de-negocios\\\/#primaryimage\",\"url\":\"https:\\\/\\\/mgf.gi\\\/es\\\/wp-content\\\/uploads\\\/2023\\\/06\\\/shutterstock_579230023-scaled.jpg\",\"contentUrl\":\"https:\\\/\\\/mgf.gi\\\/es\\\/wp-content\\\/uploads\\\/2023\\\/06\\\/shutterstock_579230023-scaled.jpg\",\"width\":2560,\"height\":1709},{\"@type\":\"BreadcrumbList\",\"@id\":\"https:\\\/\\\/mgf.gi\\\/es\\\/presentadores-de-negocios\\\/#breadcrumb\",\"itemListElement\":[{\"@type\":\"ListItem\",\"position\":1,\"name\":\"Inicio\",\"item\":\"https:\\\/\\\/mgf.gi\\\/es\\\/\"},{\"@type\":\"ListItem\",\"position\":2,\"name\":\"Presentadores de negocios\"}]},{\"@type\":\"WebSite\",\"@id\":\"https:\\\/\\\/mgf.gi\\\/es\\\/#website\",\"url\":\"https:\\\/\\\/mgf.gi\\\/es\\\/\",\"name\":\"Metropolitan Global Finance\",\"description\":\"Financial services\",\"publisher\":{\"@id\":\"https:\\\/\\\/mgf.gi\\\/es\\\/#organization\"},\"alternateName\":\"MGF\",\"potentialAction\":[{\"@type\":\"SearchAction\",\"target\":{\"@type\":\"EntryPoint\",\"urlTemplate\":\"https:\\\/\\\/mgf.gi\\\/es\\\/?s={search_term_string}\"},\"query-input\":{\"@type\":\"PropertyValueSpecification\",\"valueRequired\":true,\"valueName\":\"search_term_string\"}}],\"inLanguage\":\"es\"},{\"@type\":\"Organization\",\"@id\":\"https:\\\/\\\/mgf.gi\\\/es\\\/#organization\",\"name\":\"Metropolitan Global Limited\",\"alternateName\":\"MGF\",\"url\":\"https:\\\/\\\/mgf.gi\\\/es\\\/\",\"logo\":{\"@type\":\"ImageObject\",\"inLanguage\":\"es\",\"@id\":\"https:\\\/\\\/mgf.gi\\\/es\\\/#\\\/schema\\\/logo\\\/image\\\/\",\"url\":\"https:\\\/\\\/mgf.gi\\\/wp-content\\\/uploads\\\/2023\\\/08\\\/Metropolitan-Global-Limited-Gibraltar-MGF.jpg\",\"contentUrl\":\"https:\\\/\\\/mgf.gi\\\/wp-content\\\/uploads\\\/2023\\\/08\\\/Metropolitan-Global-Limited-Gibraltar-MGF.jpg\",\"width\":1200,\"height\":628,\"caption\":\"Metropolitan Global Limited\"},\"image\":{\"@id\":\"https:\\\/\\\/mgf.gi\\\/es\\\/#\\\/schema\\\/logo\\\/image\\\/\"}}]}<\/script>\n<!-- \/ Yoast SEO plugin. -->","yoast_head_json":{"title":"Presentadores de negocios - one of the top financial institutions","description":"We are one of the top financial institutions in Gibraltar, recognized as an innovative and fast-growing payment institution, customer-oriented","robots":{"index":"index","follow":"follow","max-snippet":"max-snippet:-1","max-image-preview":"max-image-preview:large","max-video-preview":"max-video-preview:-1"},"canonical":"https:\/\/mgf.gi\/es\/presentadores-de-negocios\/","og_locale":"es_ES","og_type":"article","og_title":"Presentadores de negocios - one of the top financial institutions","og_description":"We are one of the top financial institutions in Gibraltar, recognized as an innovative and fast-growing payment institution, customer-oriented","og_url":"https:\/\/mgf.gi\/es\/presentadores-de-negocios\/","og_site_name":"Metropolitan Global Finance","article_modified_time":"2025-08-13T06:46:58+00:00","og_image":[{"width":2560,"height":1709,"url":"https:\/\/mgf.gi\/es\/wp-content\/uploads\/2023\/06\/shutterstock_579230023-scaled.jpg","type":"image\/jpeg"}],"twitter_card":"summary_large_image","twitter_misc":{"Tiempo de lectura":"2 minutos"},"schema":{"@context":"https:\/\/schema.org","@graph":[{"@type":"WebPage","@id":"https:\/\/mgf.gi\/es\/presentadores-de-negocios\/","url":"https:\/\/mgf.gi\/es\/presentadores-de-negocios\/","name":"Presentadores de negocios - one of the top financial institutions","isPartOf":{"@id":"https:\/\/mgf.gi\/es\/#website"},"primaryImageOfPage":{"@id":"https:\/\/mgf.gi\/es\/presentadores-de-negocios\/#primaryimage"},"image":{"@id":"https:\/\/mgf.gi\/es\/presentadores-de-negocios\/#primaryimage"},"thumbnailUrl":"https:\/\/mgf.gi\/es\/wp-content\/uploads\/2023\/06\/shutterstock_579230023-scaled.jpg","datePublished":"2023-08-31T22:14:06+00:00","dateModified":"2025-08-13T06:46:58+00:00","description":"We are one of the top financial institutions in Gibraltar, recognized as an innovative and fast-growing payment institution, customer-oriented","breadcrumb":{"@id":"https:\/\/mgf.gi\/es\/presentadores-de-negocios\/#breadcrumb"},"inLanguage":"es","potentialAction":[{"@type":"ReadAction","target":["https:\/\/mgf.gi\/es\/presentadores-de-negocios\/"]}]},{"@type":"ImageObject","inLanguage":"es","@id":"https:\/\/mgf.gi\/es\/presentadores-de-negocios\/#primaryimage","url":"https:\/\/mgf.gi\/es\/wp-content\/uploads\/2023\/06\/shutterstock_579230023-scaled.jpg","contentUrl":"https:\/\/mgf.gi\/es\/wp-content\/uploads\/2023\/06\/shutterstock_579230023-scaled.jpg","width":2560,"height":1709},{"@type":"BreadcrumbList","@id":"https:\/\/mgf.gi\/es\/presentadores-de-negocios\/#breadcrumb","itemListElement":[{"@type":"ListItem","position":1,"name":"Inicio","item":"https:\/\/mgf.gi\/es\/"},{"@type":"ListItem","position":2,"name":"Presentadores de negocios"}]},{"@type":"WebSite","@id":"https:\/\/mgf.gi\/es\/#website","url":"https:\/\/mgf.gi\/es\/","name":"Metropolitan Global Finance","description":"Financial services","publisher":{"@id":"https:\/\/mgf.gi\/es\/#organization"},"alternateName":"MGF","potentialAction":[{"@type":"SearchAction","target":{"@type":"EntryPoint","urlTemplate":"https:\/\/mgf.gi\/es\/?s={search_term_string}"},"query-input":{"@type":"PropertyValueSpecification","valueRequired":true,"valueName":"search_term_string"}}],"inLanguage":"es"},{"@type":"Organization","@id":"https:\/\/mgf.gi\/es\/#organization","name":"Metropolitan Global Limited","alternateName":"MGF","url":"https:\/\/mgf.gi\/es\/","logo":{"@type":"ImageObject","inLanguage":"es","@id":"https:\/\/mgf.gi\/es\/#\/schema\/logo\/image\/","url":"https:\/\/mgf.gi\/wp-content\/uploads\/2023\/08\/Metropolitan-Global-Limited-Gibraltar-MGF.jpg","contentUrl":"https:\/\/mgf.gi\/wp-content\/uploads\/2023\/08\/Metropolitan-Global-Limited-Gibraltar-MGF.jpg","width":1200,"height":628,"caption":"Metropolitan Global Limited"},"image":{"@id":"https:\/\/mgf.gi\/es\/#\/schema\/logo\/image\/"}}]}},"_links":{"self":[{"href":"https:\/\/mgf.gi\/es\/wp-json\/wp\/v2\/pages\/1187","targetHints":{"allow":["GET"]}}],"collection":[{"href":"https:\/\/mgf.gi\/es\/wp-json\/wp\/v2\/pages"}],"about":[{"href":"https:\/\/mgf.gi\/es\/wp-json\/wp\/v2\/types\/page"}],"author":[{"embeddable":true,"href":"https:\/\/mgf.gi\/es\/wp-json\/wp\/v2\/users\/1"}],"replies":[{"embeddable":true,"href":"https:\/\/mgf.gi\/es\/wp-json\/wp\/v2\/comments?post=1187"}],"version-history":[{"count":33,"href":"https:\/\/mgf.gi\/es\/wp-json\/wp\/v2\/pages\/1187\/revisions"}],"predecessor-version":[{"id":1878,"href":"https:\/\/mgf.gi\/es\/wp-json\/wp\/v2\/pages\/1187\/revisions\/1878"}],"wp:featuredmedia":[{"embeddable":true,"href":"https:\/\/mgf.gi\/es\/wp-json\/wp\/v2\/media\/330"}],"wp:attachment":[{"href":"https:\/\/mgf.gi\/es\/wp-json\/wp\/v2\/media?parent=1187"}],"curies":[{"name":"wp","href":"https:\/\/api.w.org\/{rel}","templated":true}]}}